{"id":743,"date":"2021-03-31T06:30:16","date_gmt":"2021-03-31T06:30:16","guid":{"rendered":"https:\/\/d-themes.com\/wordpress\/wolmart\/dummy\/demo-2\/?page_id=743"},"modified":"2025-02-21T18:46:02","modified_gmt":"2025-02-21T18:46:02","slug":"politica-de-privacidad","status":"publish","type":"page","link":"https:\/\/evangelica.abesoftware.site\/en\/politica-de-privacidad\/","title":{"rendered":"Pol\u00edtica de Privacidad"},"content":{"rendered":"<div data-elementor-type=\"wp-page\" data-elementor-id=\"743\" class=\"elementor elementor-743\" data-elementor-settings=\"{&quot;element_pack_global_tooltip_width&quot;:{&quot;unit&quot;:&quot;px&quot;,&quot;size&quot;:&quot;&quot;,&quot;sizes&quot;:[]},&quot;element_pack_global_tooltip_width_tablet&quot;:{&quot;unit&quot;:&quot;px&quot;,&quot;size&quot;:&quot;&quot;,&quot;sizes&quot;:[]},&quot;element_pack_global_tooltip_width_mobile&quot;:{&quot;unit&quot;:&quot;px&quot;,&quot;size&quot;:&quot;&quot;,&quot;sizes&quot;:[]},&quot;element_pack_global_tooltip_padding&quot;:{&quot;unit&quot;:&quot;px&quot;,&quot;top&quot;:&quot;&quot;,&quot;right&quot;:&quot;&quot;,&quot;bottom&quot;:&quot;&quot;,&quot;left&quot;:&quot;&quot;,&quot;isLinked&quot;:true},&quot;element_pack_global_tooltip_padding_tablet&quot;:{&quot;unit&quot;:&quot;px&quot;,&quot;top&quot;:&quot;&quot;,&quot;right&quot;:&quot;&quot;,&quot;bottom&quot;:&quot;&quot;,&quot;left&quot;:&quot;&quot;,&quot;isLinked&quot;:true},&quot;element_pack_global_tooltip_padding_mobile&quot;:{&quot;unit&quot;:&quot;px&quot;,&quot;top&quot;:&quot;&quot;,&quot;right&quot;:&quot;&quot;,&quot;bottom&quot;:&quot;&quot;,&quot;left&quot;:&quot;&quot;,&quot;isLinked&quot;:true},&quot;element_pack_global_tooltip_border_radius&quot;:{&quot;unit&quot;:&quot;px&quot;,&quot;top&quot;:&quot;&quot;,&quot;right&quot;:&quot;&quot;,&quot;bottom&quot;:&quot;&quot;,&quot;left&quot;:&quot;&quot;,&quot;isLinked&quot;:true},&quot;element_pack_global_tooltip_border_radius_tablet&quot;:{&quot;unit&quot;:&quot;px&quot;,&quot;top&quot;:&quot;&quot;,&quot;right&quot;:&quot;&quot;,&quot;bottom&quot;:&quot;&quot;,&quot;left&quot;:&quot;&quot;,&quot;isLinked&quot;:true},&quot;element_pack_global_tooltip_border_radius_mobile&quot;:{&quot;unit&quot;:&quot;px&quot;,&quot;top&quot;:&quot;&quot;,&quot;right&quot;:&quot;&quot;,&quot;bottom&quot;:&quot;&quot;,&quot;left&quot;:&quot;&quot;,&quot;isLinked&quot;:true}}\" data-elementor-post-type=\"page\">\n\t\t\t\t\t\t<div class=\"elementor-element elementor-element-4e7e0b65 e-flex e-con-boxed e-con e-parent\" data-id=\"4e7e0b65\" data-element_type=\"container\" data-e-type=\"container\">\r\n\t\t\t\t\t<div class=\"e-con-inner\">\r\n\t\t\t\t\t<div class=\"elementor-element elementor-element-fd74430 elementor-widget elementor-widget-image\" data-id=\"fd74430\" data-element_type=\"widget\" data-e-type=\"widget\" data-widget_type=\"image.default\">\n\t\t\t\t<div class=\"elementor-widget-container\">\n\t\t\t\t\t\t\t\t\t\t\t\t\t\t\t<img decoding=\"async\" src=\"https:\/\/evangelica.abesoftware.site\/wp-content\/uploads\/2024\/12\/logo_bk.png\" alt=\"\" \/>\t\t\t\t\t\t\t\t\t\t\t\t\t\t\t<\/div>\n\t\t\t\t<\/div>\n\t\t\t\t<div class=\"elementor-element elementor-element-03a6be1 elementor-widget elementor-widget-heading\" data-id=\"03a6be1\" data-element_type=\"widget\" data-e-type=\"widget\" data-widget_type=\"heading.default\">\n\t\t\t\t<div class=\"elementor-widget-container\">\n\t\t\t\t\t<h5 class=\"elementor-heading-title elementor-size-default\">\u00daltima actualizaci\u00f3n: 14\/07\/2024<\/h5>\t\t\t\t<\/div>\n\t\t\t\t<\/div>\n\t\t\t\t<div class=\"elementor-element elementor-element-e3170c9 elementor-widget elementor-widget-text-editor\" data-id=\"e3170c9\" data-element_type=\"widget\" data-e-type=\"widget\" data-widget_type=\"text-editor.default\">\n\t\t\t\t<div class=\"elementor-widget-container\">\n\t\t\t\t\t\t\t\t\t\n<h2 class=\"wp-block-heading\"><\/h2>\n<p>En\u00a0<strong>abesoftware.site<\/strong>, valoramos tu privacidad y nos comprometemos a proteger tu informaci\u00f3n personal. Esta pol\u00edtica de privacidad describe c\u00f3mo recopilamos, usamos y protegemos tu informaci\u00f3n cuando visitas nuestro sitio web.<\/p>\n<p><strong>1. Informaci\u00f3n que Recopilamos<\/strong><\/p>\n<ul>\n<li><strong>Informaci\u00f3n Personal:<\/strong>\u00a0Podemos recopilar informaci\u00f3n personal como tu nombre, direcci\u00f3n de correo electr\u00f3nico y n\u00famero de tel\u00e9fono cuando te registras en nuestro sitio o completas un formulario de contacto.<\/li>\n<li><strong>Informaci\u00f3n de Uso:<\/strong>\u00a0Recopilamos informaci\u00f3n sobre c\u00f3mo utilizas nuestro sitio web, incluyendo las p\u00e1ginas que visitas y las acciones que realizas.<\/li>\n<\/ul>\n<p><strong>2. Uso de la Informaci\u00f3n<\/strong><\/p>\n<ul>\n<li>Utilizamos tu informaci\u00f3n personal para responder a tus consultas, proporcionarte servicios y mejorar nuestro sitio web.<\/li>\n<li>La informaci\u00f3n de uso nos ayuda a entender c\u00f3mo los visitantes interact\u00faan con nuestro sitio y a mejorar la experiencia del usuario.<\/li>\n<\/ul>\n<p><strong>3. Compartir Informaci\u00f3n<\/strong><\/p>\n<ul>\n<li>No compartimos tu informaci\u00f3n personal con terceros, excepto cuando sea necesario para proporcionarte servicios o cuando la ley lo requiera.<\/li>\n<\/ul>\n<p><strong>4. Seguridad de la Informaci\u00f3n<\/strong><\/p>\n<ul>\n<li>Implementamos medidas de seguridad para proteger tu informaci\u00f3n personal contra el acceso no autorizado, la alteraci\u00f3n, divulgaci\u00f3n o destrucci\u00f3n.<\/li>\n<\/ul>\n<p><strong>5. Tus Derechos<\/strong><\/p>\n<ul>\n<li>Tienes derecho a acceder, corregir o eliminar tu informaci\u00f3n personal. Para ejercer estos derechos, por favor cont\u00e1ctanos a trav\u00e9s de <strong>contacto@abesoftware.site<\/strong>.<\/li>\n<\/ul>\n<p><strong>6. Cambios a esta Pol\u00edtica<\/strong><\/p>\n<ul>\n<li>Nos reservamos el derecho de actualizar esta pol\u00edtica de privacidad en cualquier momento. Te notificaremos sobre cualquier cambio publicando la nueva pol\u00edtica en nuestro sitio web.<\/li>\n<\/ul>\n<h2 class=\"wp-block-heading\"><\/h2>\n\t\t\t\t\t\t\t\t<\/div>\n\t\t\t\t<\/div>\n\t\t\t\t<div class=\"elementor-element elementor-element-a0f72fc elementor-widget elementor-widget-heading\" data-id=\"a0f72fc\" data-element_type=\"widget\" data-e-type=\"widget\" data-widget_type=\"heading.default\">\n\t\t\t\t<div class=\"elementor-widget-container\">\n\t\t\t\t\t<h6 class=\"elementor-heading-title elementor-size-default\">Si tienes alguna pregunta sobre esta pol\u00edtica de privacidad, por favor cont\u00e1ctanos a trav\u00e9s de:<\/h6>\t\t\t\t<\/div>\n\t\t\t\t<\/div>\n\t\t\t\t<div data-ep-wrapper-link=\"{&quot;url&quot;:&quot;mailto:contacto@abesoftware.site&quot;,&quot;is_external&quot;:&quot;&quot;,&quot;nofollow&quot;:&quot;&quot;,&quot;custom_attributes&quot;:&quot;&quot;}\" style=\"cursor: pointer\" class=\"bdt-element-link elementor-element elementor-element-e18e3eb elementor-widget elementor-widget-heading\" data-id=\"e18e3eb\" data-element_type=\"widget\" data-e-type=\"widget\" data-widget_type=\"heading.default\">\n\t\t\t\t<div class=\"elementor-widget-container\">\n\t\t\t\t\t<h6 class=\"elementor-heading-title elementor-size-default\">contacto@abesoftware.site<\/h6>\t\t\t\t<\/div>\n\t\t\t\t<\/div>\n\t\t\t\t\t<\/div>\n\t\t\t\t<\/div>\n\t\t\t\t<\/div>","protected":false},"excerpt":{"rendered":"<p>\u00daltima actualizaci\u00f3n: 14\/07\/2024 En\u00a0abesoftware.site, valoramos tu privacidad y nos comprometemos a proteger tu informaci\u00f3n personal. Esta pol\u00edtica de privacidad describe c\u00f3mo recopilamos, usamos y protegemos tu informaci\u00f3n cuando visitas nuestro sitio web. 1. Informaci\u00f3n que Recopilamos Informaci\u00f3n Personal:\u00a0Podemos recopilar informaci\u00f3n personal como tu nombre, direcci\u00f3n de correo electr\u00f3nico y n\u00famero de tel\u00e9fono cuando te registras [&hellip;]<\/p>\n","protected":false},"author":1,"featured_media":0,"parent":0,"menu_order":0,"comment_status":"closed","ping_status":"closed","template":"","meta":{"nf_dc_page":"","footnotes":""},"class_list":["post-743","page","type-page","status-publish","hentry"],"_links":{"self":[{"href":"https:\/\/evangelica.abesoftware.site\/en\/wp-json\/wp\/v2\/pages\/743","targetHints":{"allow":["GET"]}}],"collection":[{"href":"https:\/\/evangelica.abesoftware.site\/en\/wp-json\/wp\/v2\/pages"}],"about":[{"href":"https:\/\/evangelica.abesoftware.site\/en\/wp-json\/wp\/v2\/types\/page"}],"author":[{"embeddable":true,"href":"https:\/\/evangelica.abesoftware.site\/en\/wp-json\/wp\/v2\/users\/1"}],"replies":[{"embeddable":true,"href":"https:\/\/evangelica.abesoftware.site\/en\/wp-json\/wp\/v2\/comments?post=743"}],"version-history":[{"count":5,"href":"https:\/\/evangelica.abesoftware.site\/en\/wp-json\/wp\/v2\/pages\/743\/revisions"}],"predecessor-version":[{"id":3554,"href":"https:\/\/evangelica.abesoftware.site\/en\/wp-json\/wp\/v2\/pages\/743\/revisions\/3554"}],"wp:attachment":[{"href":"https:\/\/evangelica.abesoftware.site\/en\/wp-json\/wp\/v2\/media?parent=743"}],"curies":[{"name":"wp","href":"https:\/\/api.w.org\/{rel}","templated":true}]}}