{"id":4011,"date":"2025-03-06T11:22:37","date_gmt":"2025-03-06T19:22:37","guid":{"rendered":"https:\/\/evangelica.abesoftware.site\/?page_id=4011"},"modified":"2025-04-18T10:12:42","modified_gmt":"2025-04-18T17:12:42","slug":"desarrollo-web","status":"publish","type":"page","link":"https:\/\/evangelica.abesoftware.site\/en\/desarrollo-web\/","title":{"rendered":"Desarrollo Web"},"content":{"rendered":"<div data-elementor-type=\"wp-page\" data-elementor-id=\"4011\" class=\"elementor elementor-4011\" data-elementor-settings=\"{&quot;element_pack_global_tooltip_width&quot;:{&quot;unit&quot;:&quot;px&quot;,&quot;size&quot;:&quot;&quot;,&quot;sizes&quot;:[]},&quot;element_pack_global_tooltip_width_tablet&quot;:{&quot;unit&quot;:&quot;px&quot;,&quot;size&quot;:&quot;&quot;,&quot;sizes&quot;:[]},&quot;element_pack_global_tooltip_width_mobile&quot;:{&quot;unit&quot;:&quot;px&quot;,&quot;size&quot;:&quot;&quot;,&quot;sizes&quot;:[]},&quot;element_pack_global_tooltip_padding&quot;:{&quot;unit&quot;:&quot;px&quot;,&quot;top&quot;:&quot;&quot;,&quot;right&quot;:&quot;&quot;,&quot;bottom&quot;:&quot;&quot;,&quot;left&quot;:&quot;&quot;,&quot;isLinked&quot;:true},&quot;element_pack_global_tooltip_padding_tablet&quot;:{&quot;unit&quot;:&quot;px&quot;,&quot;top&quot;:&quot;&quot;,&quot;right&quot;:&quot;&quot;,&quot;bottom&quot;:&quot;&quot;,&quot;left&quot;:&quot;&quot;,&quot;isLinked&quot;:true},&quot;element_pack_global_tooltip_padding_mobile&quot;:{&quot;unit&quot;:&quot;px&quot;,&quot;top&quot;:&quot;&quot;,&quot;right&quot;:&quot;&quot;,&quot;bottom&quot;:&quot;&quot;,&quot;left&quot;:&quot;&quot;,&quot;isLinked&quot;:true},&quot;element_pack_global_tooltip_border_radius&quot;:{&quot;unit&quot;:&quot;px&quot;,&quot;top&quot;:&quot;&quot;,&quot;right&quot;:&quot;&quot;,&quot;bottom&quot;:&quot;&quot;,&quot;left&quot;:&quot;&quot;,&quot;isLinked&quot;:true},&quot;element_pack_global_tooltip_border_radius_tablet&quot;:{&quot;unit&quot;:&quot;px&quot;,&quot;top&quot;:&quot;&quot;,&quot;right&quot;:&quot;&quot;,&quot;bottom&quot;:&quot;&quot;,&quot;left&quot;:&quot;&quot;,&quot;isLinked&quot;:true},&quot;element_pack_global_tooltip_border_radius_mobile&quot;:{&quot;unit&quot;:&quot;px&quot;,&quot;top&quot;:&quot;&quot;,&quot;right&quot;:&quot;&quot;,&quot;bottom&quot;:&quot;&quot;,&quot;left&quot;:&quot;&quot;,&quot;isLinked&quot;:true}}\" data-elementor-post-type=\"page\">\n\t\t\t\t\t\t<div class=\"elementor-element elementor-element-217e2c3 e-flex e-con-boxed e-con e-parent\" data-id=\"217e2c3\" data-element_type=\"container\" data-e-type=\"container\">\r\n\t\t\t\t\t<div class=\"e-con-inner\">\r\n\t\t\t\t\t<div class=\"elementor-element elementor-element-0052bf6 elementor-widget elementor-widget-image\" data-id=\"0052bf6\" data-element_type=\"widget\" data-e-type=\"widget\" data-widget_type=\"image.default\">\n\t\t\t\t<div class=\"elementor-widget-container\">\n\t\t\t\t\t\t\t\t\t\t\t\t\t\t\t<img decoding=\"async\" src=\"https:\/\/evangelica.abesoftware.site\/wp-content\/uploads\/2024\/12\/logo_bk.png\" alt=\"\" \/>\t\t\t\t\t\t\t\t\t\t\t\t\t\t\t<\/div>\n\t\t\t\t<\/div>\n\t\t\t\t<div class=\"elementor-element elementor-element-1e1f786 e-con-full e-flex e-con e-child\" data-id=\"1e1f786\" data-element_type=\"container\" data-e-type=\"container\">\r\n\t\t\t\t<div class=\"elementor-element elementor-element-84a778c elementor-widget elementor-widget-heading\" data-id=\"84a778c\" data-element_type=\"widget\" data-e-type=\"widget\" data-widget_type=\"heading.default\">\n\t\t\t\t<div class=\"elementor-widget-container\">\n\t\t\t\t\t<h3 class=\"elementor-heading-title elementor-size-default\">Elementos Desarrollados en este sitio<\/h3>\t\t\t\t<\/div>\n\t\t\t\t<\/div>\n\t\t\t\t<\/div>\n\t\t\t\t\t<\/div>\n\t\t\t\t<\/div>\n\t\t\t\t<div class=\"elementor-element elementor-element-fdb57ea e-flex e-con-boxed e-con e-parent\" data-id=\"fdb57ea\" data-element_type=\"container\" data-e-type=\"container\">\r\n\t\t\t\t\t<div class=\"e-con-inner\">\r\n\t\t\t\t\t<div class=\"elementor-element elementor-element-46b3d95 e-con-full e-flex e-con e-child\" data-id=\"46b3d95\" data-element_type=\"container\" data-e-type=\"container\">\r\n\t\t\t\t<div class=\"elementor-element elementor-element-243da78 elementor-widget elementor-widget-heading\" data-id=\"243da78\" data-element_type=\"widget\" data-e-type=\"widget\" data-widget_type=\"heading.default\">\n\t\t\t\t<div class=\"elementor-widget-container\">\n\t\t\t\t\t<h3 class=\"elementor-heading-title elementor-size-default\">Elementos<\/h3>\t\t\t\t<\/div>\n\t\t\t\t<\/div>\n\t\t\t\t<div class=\"elementor-element elementor-element-f11ec57 elementor-widget elementor-widget-text-editor\" data-id=\"f11ec57\" data-element_type=\"widget\" data-e-type=\"widget\" data-widget_type=\"text-editor.default\">\n\t\t\t\t<div class=\"elementor-widget-container\">\n\t\t\t\t\t\t\t\t\t<ul><li><strong>Correos\u00a0<\/strong>(Templates)<\/li><li><span style=\"color: #ff0000;\"><strong>Compresi\u00f3n de Imagenes<\/strong><\/span><\/li><li><span style=\"color: #ff0000;\"><strong>Live Chat<\/strong><\/span><\/li><li><strong>Lenguaje <\/strong>(ES)<\/li><li><strong>Links de Descargas<\/strong><\/li><li><strong>Productos<\/strong><\/li><li><strong>Registro de Clientes <\/strong>(Cuenta)<\/li><li><span style=\"color: #ff0000;\"><strong>Tienda <\/strong>(En L\u00ednea)<\/span><\/li><li><strong>Whatsapp<\/strong><\/li><li><span style=\"color: #ff0000;\"><strong>WooCommerce (M\u00e9todos de Pago)<\/strong><\/span><\/li><\/ul>\t\t\t\t\t\t\t\t<\/div>\n\t\t\t\t<\/div>\n\t\t\t\t<\/div>\n\t\t\t\t<div class=\"elementor-element elementor-element-62fe661 e-con-full e-flex e-con e-child\" data-id=\"62fe661\" data-element_type=\"container\" data-e-type=\"container\">\r\n\t\t\t\t<div class=\"elementor-element elementor-element-ee046fb elementor-widget elementor-widget-heading\" data-id=\"ee046fb\" data-element_type=\"widget\" data-e-type=\"widget\" data-widget_type=\"heading.default\">\n\t\t\t\t<div class=\"elementor-widget-container\">\n\t\t\t\t\t<h3 class=\"elementor-heading-title elementor-size-default\">Tema Wolmart<\/h3>\t\t\t\t<\/div>\n\t\t\t\t<\/div>\n\t\t\t\t<div class=\"elementor-element elementor-element-b70c04a elementor-widget elementor-widget-text-editor\" data-id=\"b70c04a\" data-element_type=\"widget\" data-e-type=\"widget\" data-widget_type=\"text-editor.default\">\n\t\t\t\t<div class=\"elementor-widget-container\">\n\t\t\t\t\t\t\t\t\t<ul><li><strong>Header<\/strong><\/li><li><strong>Footer<\/strong><\/li><li><strong>Responsive<\/strong> (Desktop, Tablet, Movil)<\/li><li><strong>Sidebars<\/strong><\/li><li><strong>Templates<\/strong><\/li><\/ul>\t\t\t\t\t\t\t\t<\/div>\n\t\t\t\t<\/div>\n\t\t\t\t<div class=\"elementor-element elementor-element-b21e302 elementor-widget elementor-widget-heading\" data-id=\"b21e302\" data-element_type=\"widget\" data-e-type=\"widget\" data-widget_type=\"heading.default\">\n\t\t\t\t<div class=\"elementor-widget-container\">\n\t\t\t\t\t<h3 class=\"elementor-heading-title elementor-size-default\">Menus<\/h3>\t\t\t\t<\/div>\n\t\t\t\t<\/div>\n\t\t\t\t<div class=\"elementor-element elementor-element-0bd4715 elementor-widget elementor-widget-text-editor\" data-id=\"0bd4715\" data-element_type=\"widget\" data-e-type=\"widget\" data-widget_type=\"text-editor.default\">\n\t\t\t\t<div class=\"elementor-widget-container\">\n\t\t\t\t\t\t\t\t\t<ul><li><strong>Categories Menu<\/strong><\/li><li><strong>Footer Menu<\/strong><\/li><li><strong>Main Menu<\/strong><\/li><li><strong>Top Menu<\/strong><\/li><\/ul>\t\t\t\t\t\t\t\t<\/div>\n\t\t\t\t<\/div>\n\t\t\t\t<\/div>\n\t\t\t\t<div class=\"elementor-element elementor-element-a012d54 e-con-full e-flex e-con e-child\" data-id=\"a012d54\" data-element_type=\"container\" data-e-type=\"container\">\r\n\t\t\t\t<div class=\"elementor-element elementor-element-4c93fae elementor-widget elementor-widget-heading\" data-id=\"4c93fae\" data-element_type=\"widget\" data-e-type=\"widget\" data-widget_type=\"heading.default\">\n\t\t\t\t<div class=\"elementor-widget-container\">\n\t\t\t\t\t<h3 class=\"elementor-heading-title elementor-size-default\">Plugins<\/h3>\t\t\t\t<\/div>\n\t\t\t\t<\/div>\n\t\t\t\t<div class=\"elementor-element elementor-element-be41d04 elementor-widget elementor-widget-text-editor\" data-id=\"be41d04\" data-element_type=\"widget\" data-e-type=\"widget\" data-widget_type=\"text-editor.default\">\n\t\t\t\t<div class=\"elementor-widget-container\">\n\t\t\t\t\t\t\t\t\t<ul><li><strong>Anti-spam<\/strong><\/li><li><strong>Duplicate<\/strong><\/li><li><strong>Captcha Code<\/strong><\/li><li><strong>Contact Form<\/strong><\/li><li><strong>Duplicate Page<\/strong><\/li><li><strong>Element Pack<\/strong><\/li><li><strong>Elementor Pro<\/strong><\/li><li><strong>Enhaced Media<\/strong><\/li><li><strong>Flamingo<\/strong><\/li><li><strong>Kadence Email Designer<\/strong><\/li><li><strong> Library<\/strong><\/li><li><strong>Polilang<\/strong><\/li><li><strong>Redirection<\/strong><\/li><li><strong>Slider Revolution<\/strong><\/li><li><span style=\"color: #ff0000;\"><strong>YITH Plugins<\/strong><\/span><\/li><\/ul>\t\t\t\t\t\t\t\t<\/div>\n\t\t\t\t<\/div>\n\t\t\t\t<\/div>\n\t\t\t\t<div class=\"elementor-element elementor-element-be05b70 e-con-full e-flex e-con e-child\" data-id=\"be05b70\" data-element_type=\"container\" data-e-type=\"container\">\r\n\t\t\t\t<div class=\"elementor-element elementor-element-b4df158 elementor-widget elementor-widget-heading\" data-id=\"b4df158\" data-element_type=\"widget\" data-e-type=\"widget\" data-widget_type=\"heading.default\">\n\t\t\t\t<div class=\"elementor-widget-container\">\n\t\t\t\t\t<h3 class=\"elementor-heading-title elementor-size-default\">P\u00e1ginas<\/h3>\t\t\t\t<\/div>\n\t\t\t\t<\/div>\n\t\t\t\t<div class=\"elementor-element elementor-element-174b615 elementor-widget elementor-widget-text-editor\" data-id=\"174b615\" data-element_type=\"widget\" data-e-type=\"widget\" data-widget_type=\"text-editor.default\">\n\t\t\t\t<div class=\"elementor-widget-container\">\n\t\t\t\t\t\t\t\t\t<ul><li><strong>Acerca de<\/strong><\/li><li><strong>Blog<\/strong><\/li><li><strong>Coming Soon<\/strong><\/li><li><strong>Contacto<\/strong><\/li><li><strong>Error 404<\/strong><\/li><li><strong>FAQs<\/strong> (Preguntas Frecuentes)<\/li><li><strong>Firebird<\/strong><\/li><li><strong>Garantia de Devolucion<\/strong><\/li><li><strong>Inicio<\/strong><\/li><li><strong>Metodos de Pago<\/strong><\/li><li><strong>Politica de Privacidad<\/strong><\/li><li><span style=\"color: #ff0000;\"><strong>Productos Web <\/strong>(1)<\/span><\/li><li><strong>SIO 5.0<\/strong><\/li><li><strong>Terminos y Condiciones<\/strong><\/li><li><strong>WooCommerce Planes <\/strong>(3)<\/li><\/ul>\t\t\t\t\t\t\t\t<\/div>\n\t\t\t\t<\/div>\n\t\t\t\t<\/div>\n\t\t\t\t\t<\/div>\n\t\t\t\t<\/div>\n\t\t\t\t<div class=\"elementor-element elementor-element-3e566fb e-flex e-con-boxed e-con e-parent\" data-id=\"3e566fb\" data-element_type=\"container\" data-e-type=\"container\">\r\n\t\t\t\t\t<div class=\"e-con-inner\">\r\n\t\t\t\t\t<div class=\"elementor-element elementor-element-562e252 elementor-widget elementor-widget-heading\" data-id=\"562e252\" data-element_type=\"widget\" data-e-type=\"widget\" data-widget_type=\"heading.default\">\n\t\t\t\t<div class=\"elementor-widget-container\">\n\t\t\t\t\t<h5 class=\"elementor-heading-title elementor-size-default\">Observaciones<\/h5>\t\t\t\t<\/div>\n\t\t\t\t<\/div>\n\t\t\t\t<div class=\"elementor-element elementor-element-347158a elementor-widget elementor-widget-text-editor\" data-id=\"347158a\" data-element_type=\"widget\" data-e-type=\"widget\" data-widget_type=\"text-editor.default\">\n\t\t\t\t<div class=\"elementor-widget-container\">\n\t\t\t\t\t\t\t\t\t<ul><li><strong><span style=\"color: #ff0000;\">Elementos en <em>Rojo<\/em> No liberados!<\/span><\/strong><\/li><\/ul>\t\t\t\t\t\t\t\t<\/div>\n\t\t\t\t<\/div>\n\t\t\t\t\t<\/div>\n\t\t\t\t<\/div>\n\t\t\t\t<\/div>","protected":false},"excerpt":{"rendered":"<p>Elementos Desarrollados en este sitio Elementos Correos\u00a0(Templates) Compresi\u00f3n de Imagenes Live Chat Lenguaje (ES) Links de Descargas Productos Registro de Clientes (Cuenta) Tienda (En L\u00ednea) Whatsapp WooCommerce (M\u00e9todos de Pago) Tema Wolmart Header Footer Responsive (Desktop, Tablet, Movil) Sidebars Templates Menus Categories Menu Footer Menu Main Menu Top Menu Plugins Anti-spam Duplicate Captcha Code Contact [&hellip;]<\/p>\n","protected":false},"author":1,"featured_media":0,"parent":0,"menu_order":0,"comment_status":"closed","ping_status":"closed","template":"","meta":{"nf_dc_page":"","footnotes":""},"class_list":["post-4011","page","type-page","status-publish","hentry"],"_links":{"self":[{"href":"https:\/\/evangelica.abesoftware.site\/en\/wp-json\/wp\/v2\/pages\/4011","targetHints":{"allow":["GET"]}}],"collection":[{"href":"https:\/\/evangelica.abesoftware.site\/en\/wp-json\/wp\/v2\/pages"}],"about":[{"href":"https:\/\/evangelica.abesoftware.site\/en\/wp-json\/wp\/v2\/types\/page"}],"author":[{"embeddable":true,"href":"https:\/\/evangelica.abesoftware.site\/en\/wp-json\/wp\/v2\/users\/1"}],"replies":[{"embeddable":true,"href":"https:\/\/evangelica.abesoftware.site\/en\/wp-json\/wp\/v2\/comments?post=4011"}],"version-history":[{"count":5,"href":"https:\/\/evangelica.abesoftware.site\/en\/wp-json\/wp\/v2\/pages\/4011\/revisions"}],"predecessor-version":[{"id":5589,"href":"https:\/\/evangelica.abesoftware.site\/en\/wp-json\/wp\/v2\/pages\/4011\/revisions\/5589"}],"wp:attachment":[{"href":"https:\/\/evangelica.abesoftware.site\/en\/wp-json\/wp\/v2\/media?parent=4011"}],"curies":[{"name":"wp","href":"https:\/\/api.w.org\/{rel}","templated":true}]}}