{"id":3303,"date":"2024-12-18T18:42:55","date_gmt":"2024-12-18T18:42:55","guid":{"rendered":"https:\/\/evangelica.abesoftware.site\/?page_id=3303"},"modified":"2025-02-26T15:38:49","modified_gmt":"2025-02-26T15:38:49","slug":"terminos-y-condiciones","status":"publish","type":"page","link":"https:\/\/evangelica.abesoftware.site\/en\/terminos-y-condiciones\/","title":{"rendered":"T\u00e9rminos y Condiciones"},"content":{"rendered":"<div data-elementor-type=\"wp-page\" data-elementor-id=\"3303\" class=\"elementor elementor-3303\" data-elementor-settings=\"{&quot;element_pack_global_tooltip_width&quot;:{&quot;unit&quot;:&quot;px&quot;,&quot;size&quot;:&quot;&quot;,&quot;sizes&quot;:[]},&quot;element_pack_global_tooltip_width_tablet&quot;:{&quot;unit&quot;:&quot;px&quot;,&quot;size&quot;:&quot;&quot;,&quot;sizes&quot;:[]},&quot;element_pack_global_tooltip_width_mobile&quot;:{&quot;unit&quot;:&quot;px&quot;,&quot;size&quot;:&quot;&quot;,&quot;sizes&quot;:[]},&quot;element_pack_global_tooltip_padding&quot;:{&quot;unit&quot;:&quot;px&quot;,&quot;top&quot;:&quot;&quot;,&quot;right&quot;:&quot;&quot;,&quot;bottom&quot;:&quot;&quot;,&quot;left&quot;:&quot;&quot;,&quot;isLinked&quot;:true},&quot;element_pack_global_tooltip_padding_tablet&quot;:{&quot;unit&quot;:&quot;px&quot;,&quot;top&quot;:&quot;&quot;,&quot;right&quot;:&quot;&quot;,&quot;bottom&quot;:&quot;&quot;,&quot;left&quot;:&quot;&quot;,&quot;isLinked&quot;:true},&quot;element_pack_global_tooltip_padding_mobile&quot;:{&quot;unit&quot;:&quot;px&quot;,&quot;top&quot;:&quot;&quot;,&quot;right&quot;:&quot;&quot;,&quot;bottom&quot;:&quot;&quot;,&quot;left&quot;:&quot;&quot;,&quot;isLinked&quot;:true},&quot;element_pack_global_tooltip_border_radius&quot;:{&quot;unit&quot;:&quot;px&quot;,&quot;top&quot;:&quot;&quot;,&quot;right&quot;:&quot;&quot;,&quot;bottom&quot;:&quot;&quot;,&quot;left&quot;:&quot;&quot;,&quot;isLinked&quot;:true},&quot;element_pack_global_tooltip_border_radius_tablet&quot;:{&quot;unit&quot;:&quot;px&quot;,&quot;top&quot;:&quot;&quot;,&quot;right&quot;:&quot;&quot;,&quot;bottom&quot;:&quot;&quot;,&quot;left&quot;:&quot;&quot;,&quot;isLinked&quot;:true},&quot;element_pack_global_tooltip_border_radius_mobile&quot;:{&quot;unit&quot;:&quot;px&quot;,&quot;top&quot;:&quot;&quot;,&quot;right&quot;:&quot;&quot;,&quot;bottom&quot;:&quot;&quot;,&quot;left&quot;:&quot;&quot;,&quot;isLinked&quot;:true}}\" data-elementor-post-type=\"page\">\n\t\t\t\t\t\t<div class=\"elementor-element elementor-element-4e7e0b65 e-flex e-con-boxed e-con e-parent\" data-id=\"4e7e0b65\" data-element_type=\"container\" data-e-type=\"container\">\r\n\t\t\t\t\t<div class=\"e-con-inner\">\r\n\t\t\t\t\t<div class=\"elementor-element elementor-element-fd74430 elementor-widget elementor-widget-image\" data-id=\"fd74430\" data-element_type=\"widget\" data-e-type=\"widget\" data-widget_type=\"image.default\">\n\t\t\t\t<div class=\"elementor-widget-container\">\n\t\t\t\t\t\t\t\t\t\t\t\t\t\t\t<img decoding=\"async\" src=\"https:\/\/evangelica.abesoftware.site\/wp-content\/uploads\/2024\/12\/logo_bk.png\" alt=\"\" \/>\t\t\t\t\t\t\t\t\t\t\t\t\t\t\t<\/div>\n\t\t\t\t<\/div>\n\t\t\t\t<div class=\"elementor-element elementor-element-e3170c9 elementor-widget elementor-widget-text-editor\" data-id=\"e3170c9\" data-element_type=\"widget\" data-e-type=\"widget\" data-widget_type=\"text-editor.default\">\n\t\t\t\t<div class=\"elementor-widget-container\">\n\t\t\t\t\t\t\t\t\t\n<h2 class=\"wp-block-heading\"><\/h2>\n<p><\/p>\n<p><\/p>\n<p>Bienvenido a\u00a0<strong>abesoftware.site<\/strong>. Al acceder y utilizar nuestro sitio web, aceptas cumplir con los siguientes t\u00e9rminos y condiciones. Si no est\u00e1s de acuerdo con estos t\u00e9rminos, por favor no utilices nuestro sitio.<\/p>\n<p><strong>1. Uso del Sitio<\/strong><\/p>\n<ul>\n<li><strong>Elegibilidad:<\/strong>\u00a0Debes tener al menos 18 a\u00f1os para utilizar nuestro sitio web.<\/li>\n<li><strong>Cuenta de Usuario:<\/strong>\u00a0Para acceder a ciertas funciones, es posible que necesites crear una cuenta. Eres responsable de mantener la confidencialidad de tu cuenta y contrase\u00f1a.<\/li>\n<li><strong>Conducta del Usuario:<\/strong>\u00a0No debes utilizar nuestro sitio para actividades ilegales o no autorizadas. Debes cumplir con todas las leyes locales, estatales, nacionales e internacionales aplicables.<\/li>\n<\/ul>\n<p><strong>2. Propiedad Intelectual<\/strong><\/p>\n<ul>\n<li><strong>Contenido del Sitio:<\/strong>\u00a0Todo el contenido del sitio, incluyendo textos, gr\u00e1ficos, logotipos, im\u00e1genes y software, es propiedad de\u00a0<strong>abesoftware.site<\/strong>\u00a0o de sus proveedores de contenido y est\u00e1 protegido por leyes de derechos de autor y otras leyes de propiedad intelectual.<\/li>\n<li><strong>Uso Limitado:<\/strong>\u00a0Puedes acceder y utilizar el contenido del sitio solo para tu uso personal y no comercial. No puedes reproducir, distribuir, modificar, crear trabajos derivados, mostrar p\u00fablicamente, realizar p\u00fablicamente, republicar, descargar, almacenar o transmitir cualquier contenido de nuestro sitio sin nuestro permiso previo por escrito.<\/li>\n<\/ul>\n<p><strong>3. Enlaces a Terceros<\/strong><\/p>\n<ul>\n<li><strong>Enlaces Externos:<\/strong>\u00a0Nuestro sitio puede contener enlaces a sitios web de terceros. Estos enlaces se proporcionan solo para tu conveniencia. No tenemos control sobre el contenido de estos sitios y no somos responsables de ellos.<\/li>\n<\/ul>\n<p><strong>4. Limitaci\u00f3n de Responsabilidad<\/strong><\/p>\n<ul>\n<li><strong>Exclusi\u00f3n de Garant\u00edas:<\/strong>\u00a0Nuestro sitio se proporciona \u201ctal cual\u201d y \u201cseg\u00fan disponibilidad\u201d. No garantizamos que el sitio estar\u00e1 libre de errores o que el acceso ser\u00e1 continuo o ininterrumpido.<\/li>\n<li><strong>Limitaci\u00f3n de Da\u00f1os:<\/strong>\u00a0En ning\u00fan caso seremos responsables por da\u00f1os indirectos, incidentales, especiales, consecuentes o punitivos, incluso si hemos sido advertidos de la posibilidad de tales da\u00f1os.<\/li>\n<\/ul>\n<p><strong>5. Modificaciones a los T\u00e9rminos<\/strong><\/p>\n<ul>\n<li><strong>Cambios:<\/strong>\u00a0Nos reservamos el derecho de modificar estos t\u00e9rminos en cualquier momento. Te notificaremos sobre cualquier cambio publicando los nuevos t\u00e9rminos en nuestro sitio. Es tu responsabilidad revisar estos t\u00e9rminos peri\u00f3dicamente.<\/li>\n<\/ul>\n<p><strong>6. Ley Aplicable<\/strong><\/p>\n<ul>\n<li><strong>Jurisdicci\u00f3n:<\/strong> Estos t\u00e9rminos se regir\u00e1n e interpretar\u00e1n de acuerdo con las leyes de M\u00e9xico, sin tener en cuenta sus conflictos de principios legales<\/li>\n<\/ul>\n<p><\/p>\n<p><\/p>\n<h2 class=\"wp-block-heading\"><\/h2>\n\t\t\t\t\t\t\t\t<\/div>\n\t\t\t\t<\/div>\n\t\t\t\t<div class=\"elementor-element elementor-element-a0f72fc elementor-widget elementor-widget-heading\" data-id=\"a0f72fc\" data-element_type=\"widget\" data-e-type=\"widget\" data-widget_type=\"heading.default\">\n\t\t\t\t<div class=\"elementor-widget-container\">\n\t\t\t\t\t<h6 class=\"elementor-heading-title elementor-size-default\">Si tienes alguna pregunta sobre nuestros T\u00e9rminos y Condiciones, por favor cont\u00e1ctanos a trav\u00e9s de:<\/h6>\t\t\t\t<\/div>\n\t\t\t\t<\/div>\n\t\t\t\t<div data-ep-wrapper-link=\"{&quot;url&quot;:&quot;mailto:contacto@abesoftware.site&quot;,&quot;is_external&quot;:&quot;&quot;,&quot;nofollow&quot;:&quot;&quot;,&quot;custom_attributes&quot;:&quot;&quot;}\" style=\"cursor: pointer\" class=\"bdt-element-link elementor-element elementor-element-e18e3eb elementor-widget elementor-widget-heading\" data-id=\"e18e3eb\" data-element_type=\"widget\" data-e-type=\"widget\" data-widget_type=\"heading.default\">\n\t\t\t\t<div class=\"elementor-widget-container\">\n\t\t\t\t\t<h6 class=\"elementor-heading-title elementor-size-default\">contacto@abesoftware.site<\/h6>\t\t\t\t<\/div>\n\t\t\t\t<\/div>\n\t\t\t\t\t<\/div>\n\t\t\t\t<\/div>\n\t\t\t\t<\/div>","protected":false},"excerpt":{"rendered":"<p>Si tienes alguna pregunta sobre nuestros T\u00e9rminos y Condiciones, por favor cont\u00e1ctanos a trav\u00e9s de: contacto@abesoftware.site<\/p>","protected":false},"author":1,"featured_media":0,"parent":0,"menu_order":0,"comment_status":"closed","ping_status":"closed","template":"","meta":{"nf_dc_page":"","footnotes":""},"class_list":["post-3303","page","type-page","status-publish","hentry"],"_links":{"self":[{"href":"https:\/\/evangelica.abesoftware.site\/en\/wp-json\/wp\/v2\/pages\/3303","targetHints":{"allow":["GET"]}}],"collection":[{"href":"https:\/\/evangelica.abesoftware.site\/en\/wp-json\/wp\/v2\/pages"}],"about":[{"href":"https:\/\/evangelica.abesoftware.site\/en\/wp-json\/wp\/v2\/types\/page"}],"author":[{"embeddable":true,"href":"https:\/\/evangelica.abesoftware.site\/en\/wp-json\/wp\/v2\/users\/1"}],"replies":[{"embeddable":true,"href":"https:\/\/evangelica.abesoftware.site\/en\/wp-json\/wp\/v2\/comments?post=3303"}],"version-history":[{"count":5,"href":"https:\/\/evangelica.abesoftware.site\/en\/wp-json\/wp\/v2\/pages\/3303\/revisions"}],"predecessor-version":[{"id":3563,"href":"https:\/\/evangelica.abesoftware.site\/en\/wp-json\/wp\/v2\/pages\/3303\/revisions\/3563"}],"wp:attachment":[{"href":"https:\/\/evangelica.abesoftware.site\/en\/wp-json\/wp\/v2\/media?parent=3303"}],"curies":[{"name":"wp","href":"https:\/\/api.w.org\/{rel}","templated":true}]}}