{"id":3296,"date":"2024-12-18T18:38:58","date_gmt":"2024-12-18T18:38:58","guid":{"rendered":"https:\/\/evangelica.abesoftware.site\/?page_id=3296"},"modified":"2025-02-26T15:39:12","modified_gmt":"2025-02-26T15:39:12","slug":"garantia-de-devolucion","status":"publish","type":"page","link":"https:\/\/evangelica.abesoftware.site\/en\/garantia-de-devolucion\/","title":{"rendered":"Garant\u00eda de Devoluci\u00f3n"},"content":{"rendered":"<div data-elementor-type=\"wp-page\" data-elementor-id=\"3296\" class=\"elementor elementor-3296\" data-elementor-settings=\"{&quot;element_pack_global_tooltip_width&quot;:{&quot;unit&quot;:&quot;px&quot;,&quot;size&quot;:&quot;&quot;,&quot;sizes&quot;:[]},&quot;element_pack_global_tooltip_width_tablet&quot;:{&quot;unit&quot;:&quot;px&quot;,&quot;size&quot;:&quot;&quot;,&quot;sizes&quot;:[]},&quot;element_pack_global_tooltip_width_mobile&quot;:{&quot;unit&quot;:&quot;px&quot;,&quot;size&quot;:&quot;&quot;,&quot;sizes&quot;:[]},&quot;element_pack_global_tooltip_padding&quot;:{&quot;unit&quot;:&quot;px&quot;,&quot;top&quot;:&quot;&quot;,&quot;right&quot;:&quot;&quot;,&quot;bottom&quot;:&quot;&quot;,&quot;left&quot;:&quot;&quot;,&quot;isLinked&quot;:true},&quot;element_pack_global_tooltip_padding_tablet&quot;:{&quot;unit&quot;:&quot;px&quot;,&quot;top&quot;:&quot;&quot;,&quot;right&quot;:&quot;&quot;,&quot;bottom&quot;:&quot;&quot;,&quot;left&quot;:&quot;&quot;,&quot;isLinked&quot;:true},&quot;element_pack_global_tooltip_padding_mobile&quot;:{&quot;unit&quot;:&quot;px&quot;,&quot;top&quot;:&quot;&quot;,&quot;right&quot;:&quot;&quot;,&quot;bottom&quot;:&quot;&quot;,&quot;left&quot;:&quot;&quot;,&quot;isLinked&quot;:true},&quot;element_pack_global_tooltip_border_radius&quot;:{&quot;unit&quot;:&quot;px&quot;,&quot;top&quot;:&quot;&quot;,&quot;right&quot;:&quot;&quot;,&quot;bottom&quot;:&quot;&quot;,&quot;left&quot;:&quot;&quot;,&quot;isLinked&quot;:true},&quot;element_pack_global_tooltip_border_radius_tablet&quot;:{&quot;unit&quot;:&quot;px&quot;,&quot;top&quot;:&quot;&quot;,&quot;right&quot;:&quot;&quot;,&quot;bottom&quot;:&quot;&quot;,&quot;left&quot;:&quot;&quot;,&quot;isLinked&quot;:true},&quot;element_pack_global_tooltip_border_radius_mobile&quot;:{&quot;unit&quot;:&quot;px&quot;,&quot;top&quot;:&quot;&quot;,&quot;right&quot;:&quot;&quot;,&quot;bottom&quot;:&quot;&quot;,&quot;left&quot;:&quot;&quot;,&quot;isLinked&quot;:true}}\" data-elementor-post-type=\"page\">\n\t\t\t\t\t\t<div class=\"elementor-element elementor-element-4e7e0b65 e-flex e-con-boxed e-con e-parent\" data-id=\"4e7e0b65\" data-element_type=\"container\" data-e-type=\"container\">\r\n\t\t\t\t\t<div class=\"e-con-inner\">\r\n\t\t\t\t\t<div class=\"elementor-element elementor-element-fd74430 elementor-widget elementor-widget-image\" data-id=\"fd74430\" data-element_type=\"widget\" data-e-type=\"widget\" data-widget_type=\"image.default\">\n\t\t\t\t<div class=\"elementor-widget-container\">\n\t\t\t\t\t\t\t\t\t\t\t\t\t\t\t<img decoding=\"async\" src=\"https:\/\/evangelica.abesoftware.site\/wp-content\/uploads\/2024\/12\/logo_bk.png\" alt=\"\" \/>\t\t\t\t\t\t\t\t\t\t\t\t\t\t\t<\/div>\n\t\t\t\t<\/div>\n\t\t\t\t<div class=\"elementor-element elementor-element-e3170c9 elementor-widget elementor-widget-text-editor\" data-id=\"e3170c9\" data-element_type=\"widget\" data-e-type=\"widget\" data-widget_type=\"text-editor.default\">\n\t\t\t\t<div class=\"elementor-widget-container\">\n\t\t\t\t\t\t\t\t\t\n<h2 class=\"wp-block-heading\"><\/h2>\n<p><\/p>\n<p>En\u00a0<strong>ABE Software<\/strong>, nos comprometemos a ofrecer productos y servicios de alta calidad que satisfagan las necesidades de nuestros clientes. Sin embargo, entendemos que pueden surgir situaciones en las que no est\u00e9s completamente satisfecho con tu compra. Por ello, ofrecemos una\u00a0<strong>Garant\u00eda de Devoluci\u00f3n<\/strong>\u00a0para asegurar tu tranquilidad y confianza en nuestros servicios.<\/p>\n<h4 class=\"wp-block-heading\">Condiciones de la Garant\u00eda de Devoluci\u00f3n<\/h4>\n<ol>\n<li><strong>Periodo de Devoluci\u00f3n<\/strong>: Puedes solicitar una devoluci\u00f3n dentro de los\u00a0<strong>30 d\u00edas<\/strong>\u00a0posteriores a la fecha de compra.<\/li>\n<li><strong>Motivos de Devoluci\u00f3n<\/strong>: Aceptamos devoluciones por los siguientes motivos:\n<ul>\n<li>El software no cumple con las especificaciones acordadas.<\/li>\n<li>Problemas t\u00e9cnicos que no pueden ser resueltos por nuestro equipo de soporte.<\/li>\n<li>Errores en la facturaci\u00f3n o cobros indebidos.<\/li>\n<\/ul>\n<\/li>\n<li><strong>Proceso de Devoluci\u00f3n<\/strong>:\n<ul>\n<li><strong>Contacto Inicial<\/strong>: Env\u00eda un correo electr\u00f3nico a nuestro equipo de soporte a contacto@abesoftware.site con el asunto <strong>\u201cSolicitud de Devoluci\u00f3n\u201d<\/strong>.<\/li>\n<li><strong>Evaluaci\u00f3n<\/strong>: Nuestro equipo revisar\u00e1 tu solicitud y te contactar\u00e1 en un plazo de\u00a0<strong>48 horas<\/strong>\u00a0para discutir los detalles y posibles soluciones.<\/li>\n<li><strong>Aprobaci\u00f3n<\/strong>: Si tu solicitud es aprobada, procesaremos la devoluci\u00f3n del importe pagado en un plazo de\u00a0<strong>7 a 10 d\u00edas h\u00e1biles<\/strong>.<\/li>\n<\/ul>\n<\/li>\n<li><strong>Exclusiones<\/strong>: La garant\u00eda no cubre:\n<ul>\n<li>Servicios personalizados que hayan sido completados y entregados seg\u00fan las especificaciones acordadas.<\/li>\n<li>Productos de software que hayan sido modificados por el cliente o terceros.<\/li>\n<\/ul>\n<\/li>\n<\/ol>\n<h4>Compromiso con la Calidad<\/h4>\n<p>En <strong>ABE Software<\/strong>, valoramos la satisfacci\u00f3n de nuestros clientes y trabajamos arduamente para garantizar que nuestros productos y servicios cumplan con los m\u00e1s altos est\u00e1ndares de calidad.\u00a0<\/p>\n<p><\/p>\n<h2><\/h2>\n\t\t\t\t\t\t\t\t<\/div>\n\t\t\t\t<\/div>\n\t\t\t\t<div class=\"elementor-element elementor-element-a0f72fc elementor-widget elementor-widget-heading\" data-id=\"a0f72fc\" data-element_type=\"widget\" data-e-type=\"widget\" data-widget_type=\"heading.default\">\n\t\t\t\t<div class=\"elementor-widget-container\">\n\t\t\t\t\t<h6 class=\"elementor-heading-title elementor-size-default\">Si tienes alguna pregunta sobre nuestra Garant\u00eda de Devoluci\u00f3n, por favor cont\u00e1ctanos a trav\u00e9s de:<\/h6>\t\t\t\t<\/div>\n\t\t\t\t<\/div>\n\t\t\t\t<div data-ep-wrapper-link=\"{&quot;url&quot;:&quot;mailto:contacto@abesoftware.site&quot;,&quot;is_external&quot;:&quot;&quot;,&quot;nofollow&quot;:&quot;&quot;,&quot;custom_attributes&quot;:&quot;&quot;}\" style=\"cursor: pointer\" class=\"bdt-element-link elementor-element elementor-element-e18e3eb elementor-widget elementor-widget-heading\" data-id=\"e18e3eb\" data-element_type=\"widget\" data-e-type=\"widget\" data-widget_type=\"heading.default\">\n\t\t\t\t<div class=\"elementor-widget-container\">\n\t\t\t\t\t<h6 class=\"elementor-heading-title elementor-size-default\">contacto@abesoftware.site<\/h6>\t\t\t\t<\/div>\n\t\t\t\t<\/div>\n\t\t\t\t\t<\/div>\n\t\t\t\t<\/div>\n\t\t\t\t<\/div>","protected":false},"excerpt":{"rendered":"<p>Si tienes alguna pregunta sobre nuestra Garant\u00eda de Devoluci\u00f3n, por favor cont\u00e1ctanos a trav\u00e9s de: contacto@abesoftware.site<\/p>","protected":false},"author":1,"featured_media":0,"parent":0,"menu_order":0,"comment_status":"closed","ping_status":"closed","template":"","meta":{"nf_dc_page":"","footnotes":""},"class_list":["post-3296","page","type-page","status-publish","hentry"],"_links":{"self":[{"href":"https:\/\/evangelica.abesoftware.site\/en\/wp-json\/wp\/v2\/pages\/3296","targetHints":{"allow":["GET"]}}],"collection":[{"href":"https:\/\/evangelica.abesoftware.site\/en\/wp-json\/wp\/v2\/pages"}],"about":[{"href":"https:\/\/evangelica.abesoftware.site\/en\/wp-json\/wp\/v2\/types\/page"}],"author":[{"embeddable":true,"href":"https:\/\/evangelica.abesoftware.site\/en\/wp-json\/wp\/v2\/users\/1"}],"replies":[{"embeddable":true,"href":"https:\/\/evangelica.abesoftware.site\/en\/wp-json\/wp\/v2\/comments?post=3296"}],"version-history":[{"count":5,"href":"https:\/\/evangelica.abesoftware.site\/en\/wp-json\/wp\/v2\/pages\/3296\/revisions"}],"predecessor-version":[{"id":3560,"href":"https:\/\/evangelica.abesoftware.site\/en\/wp-json\/wp\/v2\/pages\/3296\/revisions\/3560"}],"wp:attachment":[{"href":"https:\/\/evangelica.abesoftware.site\/en\/wp-json\/wp\/v2\/media?parent=3296"}],"curies":[{"name":"wp","href":"https:\/\/api.w.org\/{rel}","templated":true}]}}