{"id":3290,"date":"2024-12-18T18:35:46","date_gmt":"2024-12-18T18:35:46","guid":{"rendered":"https:\/\/evangelica.abesoftware.site\/?page_id=3290"},"modified":"2025-02-26T15:37:43","modified_gmt":"2025-02-26T15:37:43","slug":"metodos-de-pago","status":"publish","type":"page","link":"https:\/\/evangelica.abesoftware.site\/en\/metodos-de-pago\/","title":{"rendered":"M\u00e9todos de Pago"},"content":{"rendered":"<div data-elementor-type=\"wp-page\" data-elementor-id=\"3290\" class=\"elementor elementor-3290\" data-elementor-settings=\"{&quot;element_pack_global_tooltip_width&quot;:{&quot;unit&quot;:&quot;px&quot;,&quot;size&quot;:&quot;&quot;,&quot;sizes&quot;:[]},&quot;element_pack_global_tooltip_width_tablet&quot;:{&quot;unit&quot;:&quot;px&quot;,&quot;size&quot;:&quot;&quot;,&quot;sizes&quot;:[]},&quot;element_pack_global_tooltip_width_mobile&quot;:{&quot;unit&quot;:&quot;px&quot;,&quot;size&quot;:&quot;&quot;,&quot;sizes&quot;:[]},&quot;element_pack_global_tooltip_padding&quot;:{&quot;unit&quot;:&quot;px&quot;,&quot;top&quot;:&quot;&quot;,&quot;right&quot;:&quot;&quot;,&quot;bottom&quot;:&quot;&quot;,&quot;left&quot;:&quot;&quot;,&quot;isLinked&quot;:true},&quot;element_pack_global_tooltip_padding_tablet&quot;:{&quot;unit&quot;:&quot;px&quot;,&quot;top&quot;:&quot;&quot;,&quot;right&quot;:&quot;&quot;,&quot;bottom&quot;:&quot;&quot;,&quot;left&quot;:&quot;&quot;,&quot;isLinked&quot;:true},&quot;element_pack_global_tooltip_padding_mobile&quot;:{&quot;unit&quot;:&quot;px&quot;,&quot;top&quot;:&quot;&quot;,&quot;right&quot;:&quot;&quot;,&quot;bottom&quot;:&quot;&quot;,&quot;left&quot;:&quot;&quot;,&quot;isLinked&quot;:true},&quot;element_pack_global_tooltip_border_radius&quot;:{&quot;unit&quot;:&quot;px&quot;,&quot;top&quot;:&quot;&quot;,&quot;right&quot;:&quot;&quot;,&quot;bottom&quot;:&quot;&quot;,&quot;left&quot;:&quot;&quot;,&quot;isLinked&quot;:true},&quot;element_pack_global_tooltip_border_radius_tablet&quot;:{&quot;unit&quot;:&quot;px&quot;,&quot;top&quot;:&quot;&quot;,&quot;right&quot;:&quot;&quot;,&quot;bottom&quot;:&quot;&quot;,&quot;left&quot;:&quot;&quot;,&quot;isLinked&quot;:true},&quot;element_pack_global_tooltip_border_radius_mobile&quot;:{&quot;unit&quot;:&quot;px&quot;,&quot;top&quot;:&quot;&quot;,&quot;right&quot;:&quot;&quot;,&quot;bottom&quot;:&quot;&quot;,&quot;left&quot;:&quot;&quot;,&quot;isLinked&quot;:true}}\" data-elementor-post-type=\"page\">\n\t\t\t\t\t\t<div class=\"elementor-element elementor-element-4e7e0b65 e-flex e-con-boxed e-con e-parent\" data-id=\"4e7e0b65\" data-element_type=\"container\" data-e-type=\"container\">\r\n\t\t\t\t\t<div class=\"e-con-inner\">\r\n\t\t\t\t\t<div class=\"elementor-element elementor-element-fd74430 elementor-widget elementor-widget-image\" data-id=\"fd74430\" data-element_type=\"widget\" data-e-type=\"widget\" data-widget_type=\"image.default\">\n\t\t\t\t<div class=\"elementor-widget-container\">\n\t\t\t\t\t\t\t\t\t\t\t\t\t\t\t<img decoding=\"async\" src=\"https:\/\/evangelica.abesoftware.site\/wp-content\/uploads\/2024\/12\/logo_bk.png\" alt=\"\" \/>\t\t\t\t\t\t\t\t\t\t\t\t\t\t\t<\/div>\n\t\t\t\t<\/div>\n\t\t\t\t<div class=\"elementor-element elementor-element-e3170c9 elementor-widget elementor-widget-text-editor\" data-id=\"e3170c9\" data-element_type=\"widget\" data-e-type=\"widget\" data-widget_type=\"text-editor.default\">\n\t\t\t\t<div class=\"elementor-widget-container\">\n\t\t\t\t\t\t\t\t\t\n<h2 class=\"wp-block-heading\"><\/h2>\n<p>En\u00a0<strong>ABE Software<\/strong>, nos esforzamos por ofrecerte la mayor comodidad y seguridad al realizar tus pagos. A continuaci\u00f3n, te presentamos los m\u00e9todos de pago disponibles para adquirir nuestros productos y servicios de desarrollo de software.<\/p>\n<p><strong>M\u00e9todos de Pago Disponibles<\/strong><\/p>\n<ul>\n<li style=\"list-style-type: none;\">\n<ul>\n<li><strong>Tarjetas de Cr\u00e9dito y D\u00e9bito<\/strong>:\n<ul>\n<li>Aceptamos tarjetas de cr\u00e9dito y d\u00e9bito, incluyendo <strong>Visa, MasterCard.<\/strong><\/li>\n<li>Todas las transacciones con tarjeta est\u00e1n protegidas por protocolos de seguridad avanzados para garantizar la protecci\u00f3n de tus datos.<\/li>\n<\/ul>\n<\/li>\n<li><strong>Transferencias Bancarias<\/strong>:\n<ul>\n<li>Puedes realizar pagos directamente desde tu cuenta bancaria a la nuestra.<\/li>\n<li>Una vez realizada la transferencia, env\u00edanos el comprobante de pago a <strong>contacto@abesoftware.site<\/strong> para agilizar el proceso de confirmaci\u00f3n.<\/li>\n<\/ul>\n<\/li>\n<li><strong>PayPal<\/strong>:\n<ul>\n<li>Utiliza tu cuenta de PayPal para realizar pagos de manera r\u00e1pida y segura.<\/li>\n<li>PayPal ofrece protecci\u00f3n al comprador y es una opci\u00f3n conveniente para transacciones internacionales.<\/li>\n<\/ul>\n<\/li>\n<\/ul>\n<\/li>\n<\/ul>\n<p><strong>Proceso de Pago<\/strong><\/p>\n<ul>\n<li style=\"list-style-type: none;\">\n<ul>\n<li><strong>Selecci\u00f3n del M\u00e9todo de Pago<\/strong>:\n<ul>\n<li>Durante el proceso de compra, selecciona el m\u00e9todo de pago que prefieras.<\/li>\n<li>Sigue las instrucciones espec\u00edficas para completar la transacci\u00f3n.<\/li>\n<\/ul>\n<\/li>\n<li><strong>Confirmaci\u00f3n de Pago<\/strong>:\n<ul>\n<li>Una vez recibido el pago, te enviaremos una confirmaci\u00f3n por correo electr\u00f3nico.<\/li>\n<li>Si tienes alguna duda o problema durante el proceso de pago, nuestro equipo de soporte est\u00e1 disponible para asistirte.<\/li>\n<\/ul>\n<\/li>\n<\/ul>\n<\/li>\n<\/ul>\n<p><strong>Seguridad en las Transacciones<\/strong><\/p>\n<p>En ABE Software, la seguridad de tus datos es nuestra prioridad. Utilizamos tecnolog\u00edas de encriptaci\u00f3n y protocolos de seguridad avanzados para proteger toda la informaci\u00f3n relacionada con tus pagos. Adem\u00e1s, trabajamos con proveedores de servicios de pago confiables para garantizar transacciones seguras y sin inconvenientes.<\/p>\n<h2 class=\"wp-block-heading\"><\/h2>\n\t\t\t\t\t\t\t\t<\/div>\n\t\t\t\t<\/div>\n\t\t\t\t<div class=\"elementor-element elementor-element-a0f72fc elementor-widget elementor-widget-heading\" data-id=\"a0f72fc\" data-element_type=\"widget\" data-e-type=\"widget\" data-widget_type=\"heading.default\">\n\t\t\t\t<div class=\"elementor-widget-container\">\n\t\t\t\t\t<h6 class=\"elementor-heading-title elementor-size-default\">Si tienes alguna pregunta sobre nuestros metodos de pago, por favor cont\u00e1ctanos a trav\u00e9s de:<\/h6>\t\t\t\t<\/div>\n\t\t\t\t<\/div>\n\t\t\t\t<div data-ep-wrapper-link=\"{&quot;url&quot;:&quot;mailto:contacto@abesoftware.site&quot;,&quot;is_external&quot;:&quot;&quot;,&quot;nofollow&quot;:&quot;&quot;,&quot;custom_attributes&quot;:&quot;&quot;}\" style=\"cursor: pointer\" class=\"bdt-element-link elementor-element elementor-element-e18e3eb elementor-widget elementor-widget-heading\" data-id=\"e18e3eb\" data-element_type=\"widget\" data-e-type=\"widget\" data-widget_type=\"heading.default\">\n\t\t\t\t<div class=\"elementor-widget-container\">\n\t\t\t\t\t<h6 class=\"elementor-heading-title elementor-size-default\">contacto@abesoftware.site<\/h6>\t\t\t\t<\/div>\n\t\t\t\t<\/div>\n\t\t\t\t\t<\/div>\n\t\t\t\t<\/div>\n\t\t\t\t<\/div>","protected":false},"excerpt":{"rendered":"<p>En\u00a0ABE Software, nos esforzamos por ofrecerte la mayor comodidad y seguridad al realizar tus pagos. A continuaci\u00f3n, te presentamos los m\u00e9todos de pago disponibles para adquirir nuestros productos y servicios de desarrollo de software. M\u00e9todos de Pago Disponibles Tarjetas de Cr\u00e9dito y D\u00e9bito: Aceptamos tarjetas de cr\u00e9dito y d\u00e9bito, incluyendo Visa, MasterCard. Todas las transacciones [&hellip;]<\/p>\n","protected":false},"author":1,"featured_media":0,"parent":0,"menu_order":0,"comment_status":"closed","ping_status":"closed","template":"","meta":{"nf_dc_page":"","footnotes":""},"class_list":["post-3290","page","type-page","status-publish","hentry"],"_links":{"self":[{"href":"https:\/\/evangelica.abesoftware.site\/en\/wp-json\/wp\/v2\/pages\/3290","targetHints":{"allow":["GET"]}}],"collection":[{"href":"https:\/\/evangelica.abesoftware.site\/en\/wp-json\/wp\/v2\/pages"}],"about":[{"href":"https:\/\/evangelica.abesoftware.site\/en\/wp-json\/wp\/v2\/types\/page"}],"author":[{"embeddable":true,"href":"https:\/\/evangelica.abesoftware.site\/en\/wp-json\/wp\/v2\/users\/1"}],"replies":[{"embeddable":true,"href":"https:\/\/evangelica.abesoftware.site\/en\/wp-json\/wp\/v2\/comments?post=3290"}],"version-history":[{"count":5,"href":"https:\/\/evangelica.abesoftware.site\/en\/wp-json\/wp\/v2\/pages\/3290\/revisions"}],"predecessor-version":[{"id":3557,"href":"https:\/\/evangelica.abesoftware.site\/en\/wp-json\/wp\/v2\/pages\/3290\/revisions\/3557"}],"wp:attachment":[{"href":"https:\/\/evangelica.abesoftware.site\/en\/wp-json\/wp\/v2\/media?parent=3290"}],"curies":[{"name":"wp","href":"https:\/\/api.w.org\/{rel}","templated":true}]}}