{"id":3170,"date":"2024-12-17T19:17:16","date_gmt":"2024-12-17T19:17:16","guid":{"rendered":"https:\/\/evangelica.abesoftware.site\/?page_id=3170"},"modified":"2025-03-06T11:19:45","modified_gmt":"2025-03-06T19:19:45","slug":"acerca-de","status":"publish","type":"page","link":"https:\/\/evangelica.abesoftware.site\/en\/acerca-de\/","title":{"rendered":"Acerca de"},"content":{"rendered":"<div data-elementor-type=\"wp-page\" data-elementor-id=\"3170\" class=\"elementor elementor-3170\" data-elementor-settings=\"{&quot;element_pack_global_tooltip_width&quot;:{&quot;unit&quot;:&quot;px&quot;,&quot;size&quot;:&quot;&quot;,&quot;sizes&quot;:[]},&quot;element_pack_global_tooltip_width_tablet&quot;:{&quot;unit&quot;:&quot;px&quot;,&quot;size&quot;:&quot;&quot;,&quot;sizes&quot;:[]},&quot;element_pack_global_tooltip_width_mobile&quot;:{&quot;unit&quot;:&quot;px&quot;,&quot;size&quot;:&quot;&quot;,&quot;sizes&quot;:[]},&quot;element_pack_global_tooltip_padding&quot;:{&quot;unit&quot;:&quot;px&quot;,&quot;top&quot;:&quot;&quot;,&quot;right&quot;:&quot;&quot;,&quot;bottom&quot;:&quot;&quot;,&quot;left&quot;:&quot;&quot;,&quot;isLinked&quot;:true},&quot;element_pack_global_tooltip_padding_tablet&quot;:{&quot;unit&quot;:&quot;px&quot;,&quot;top&quot;:&quot;&quot;,&quot;right&quot;:&quot;&quot;,&quot;bottom&quot;:&quot;&quot;,&quot;left&quot;:&quot;&quot;,&quot;isLinked&quot;:true},&quot;element_pack_global_tooltip_padding_mobile&quot;:{&quot;unit&quot;:&quot;px&quot;,&quot;top&quot;:&quot;&quot;,&quot;right&quot;:&quot;&quot;,&quot;bottom&quot;:&quot;&quot;,&quot;left&quot;:&quot;&quot;,&quot;isLinked&quot;:true},&quot;element_pack_global_tooltip_border_radius&quot;:{&quot;unit&quot;:&quot;px&quot;,&quot;top&quot;:&quot;&quot;,&quot;right&quot;:&quot;&quot;,&quot;bottom&quot;:&quot;&quot;,&quot;left&quot;:&quot;&quot;,&quot;isLinked&quot;:true},&quot;element_pack_global_tooltip_border_radius_tablet&quot;:{&quot;unit&quot;:&quot;px&quot;,&quot;top&quot;:&quot;&quot;,&quot;right&quot;:&quot;&quot;,&quot;bottom&quot;:&quot;&quot;,&quot;left&quot;:&quot;&quot;,&quot;isLinked&quot;:true},&quot;element_pack_global_tooltip_border_radius_mobile&quot;:{&quot;unit&quot;:&quot;px&quot;,&quot;top&quot;:&quot;&quot;,&quot;right&quot;:&quot;&quot;,&quot;bottom&quot;:&quot;&quot;,&quot;left&quot;:&quot;&quot;,&quot;isLinked&quot;:true}}\" data-elementor-post-type=\"page\">\n\t\t\t\t\t\t<section class=\"elementor-section elementor-top-section elementor-element elementor-element-8a52b9a elementor-section-boxed elementor-section-height-default elementor-section-height-default\" data-id=\"8a52b9a\" data-element_type=\"section\" data-e-type=\"section\">\n\t\t\t\t\t\t<div class=\"elementor-container elementor-column-gap-default\">\n\t\t\t\t\t<div class=\"elementor-column elementor-col-100 elementor-top-column elementor-element elementor-element-4a76595\" data-id=\"4a76595\" data-element_type=\"column\" data-e-type=\"column\">\n\t\t\t<div class=\"elementor-widget-wrap elementor-element-populated\">\n\t\t\t\t\t\t<div class=\"elementor-element elementor-element-fa5c2ac elementor-widget elementor-widget-image\" data-id=\"fa5c2ac\" data-element_type=\"widget\" data-e-type=\"widget\" data-widget_type=\"image.default\">\n\t\t\t\t<div class=\"elementor-widget-container\">\n\t\t\t\t\t\t\t\t\t\t\t\t\t\t\t<img decoding=\"async\" src=\"https:\/\/evangelica.abesoftware.site\/wp-content\/uploads\/2024\/12\/logo_bk.png\" alt=\"\" \/>\t\t\t\t\t\t\t\t\t\t\t\t\t\t\t<\/div>\n\t\t\t\t<\/div>\n\t\t\t\t<div class=\"elementor-element elementor-element-52b7f52 mt-10 elementor-widget elementor-widget-heading\" data-id=\"52b7f52\" data-element_type=\"widget\" data-e-type=\"widget\" data-widget_type=\"heading.default\">\n\t\t\t\t<div class=\"elementor-widget-container\">\n\t\t\t\t\t<h2 class=\"elementor-heading-title elementor-size-default\">Innovaci\u00f3n que Inspira, Tecnolog\u00eda que Transforma<\/h2>\t\t\t\t<\/div>\n\t\t\t\t<\/div>\n\t\t\t\t<div class=\"elementor-element elementor-element-a6c80f9 ml-auto mr-auto max-565 elementor-widget elementor-widget-heading\" data-id=\"a6c80f9\" data-element_type=\"widget\" data-e-type=\"widget\" data-widget_type=\"heading.default\">\n\t\t\t\t<div class=\"elementor-widget-container\">\n\t\t\t\t\t<p class=\"elementor-heading-title elementor-size-default\">Nuestro objetivo es proporcionar soluciones s\u00f3lidas y de alta calidad para proyectos tecnol\u00f3gicos. <\/p>\t\t\t\t<\/div>\n\t\t\t\t<\/div>\n\t\t\t\t<div class=\"elementor-element elementor-element-e1fa866 elementor-widget elementor-widget-image\" data-id=\"e1fa866\" data-element_type=\"widget\" data-e-type=\"widget\" data-widget_type=\"image.default\">\n\t\t\t\t<div class=\"elementor-widget-container\">\n\t\t\t\t\t\t\t\t\t\t\t\t\t\t\t<img fetchpriority=\"high\" decoding=\"async\" width=\"1400\" height=\"540\" src=\"https:\/\/evangelica.abesoftware.site\/wp-content\/uploads\/2024\/12\/acerca.jpg\" class=\"attachment-full size-full wp-image-3172\" alt=\"\" srcset=\"https:\/\/evangelica.abesoftware.site\/wp-content\/uploads\/2024\/12\/acerca.jpg 1400w, https:\/\/evangelica.abesoftware.site\/wp-content\/uploads\/2024\/12\/acerca-1024x395.jpg 1024w, https:\/\/evangelica.abesoftware.site\/wp-content\/uploads\/2024\/12\/acerca-768x296.jpg 768w, https:\/\/evangelica.abesoftware.site\/wp-content\/uploads\/2024\/12\/acerca-600x231.jpg 600w\" sizes=\"(max-width: 1400px) 100vw, 1400px\" \/>\t\t\t\t\t\t\t\t\t\t\t\t\t\t\t<\/div>\n\t\t\t\t<\/div>\n\t\t\t\t\t<\/div>\n\t\t<\/div>\n\t\t\t\t\t<\/div>\n\t\t<\/section>\n\t\t\t\t<section class=\"elementor-section elementor-top-section elementor-element elementor-element-4fcd81f accordion-section elementor-section-boxed elementor-section-height-default elementor-section-height-default\" data-id=\"4fcd81f\" data-element_type=\"section\" data-e-type=\"section\">\n\t\t\t\t\t\t<div class=\"elementor-container elementor-column-gap-default\">\n\t\t\t\t\t<div class=\"elementor-column elementor-col-50 elementor-top-column elementor-element elementor-element-b75bced\" data-id=\"b75bced\" data-element_type=\"column\" data-e-type=\"column\">\n\t\t\t<div class=\"elementor-widget-wrap elementor-element-populated\">\n\t\t\t\t\t\t<div class=\"elementor-element elementor-element-225f86d mb-4 elementor-widget elementor-widget-heading\" data-id=\"225f86d\" data-element_type=\"widget\" data-e-type=\"widget\" data-widget_type=\"heading.default\">\n\t\t\t\t<div class=\"elementor-widget-container\">\n\t\t\t\t\t<h2 class=\"elementor-heading-title elementor-size-default\">Quienes Somos?<\/h2>\t\t\t\t<\/div>\n\t\t\t\t<\/div>\n\t\t\t\t<div class=\"elementor-section elementor-inner-section elementor-element elementor-element-8621a48 mr-6 elementor-section-boxed elementor-section-height-default elementor-section-height-default\" data-id=\"8621a48\" data-element_type=\"section\" data-e-type=\"section\">\n\t\t\t\t\t\t<div class=\"elementor-container elementor-column-gap-default\">\n\t\t\t\t\t<div class=\"card elementor-column elementor-col-50 elementor-inner-column elementor-element elementor-element-c634a78\" data-id=\"c634a78\" data-element_type=\"column\" data-e-type=\"column\">\n\t\t\t<div class=\"elementor-widget-wrap elementor-element-populated\">\n\t\t\t\t\t\t<div class=\"elementor-element elementor-element-b2f573a elementor-widget elementor-widget-text-editor\" data-id=\"b2f573a\" data-element_type=\"widget\" data-e-type=\"widget\" data-widget_type=\"text-editor.default\">\n\t\t\t\t<div class=\"elementor-widget-container\">\n\t\t\t\t\t\t\t\t\t<p>En <strong>abesoftware.site<\/strong> nos especializamos en desarrollo software. Nuestro compromiso radica en impulsar el crecimiento genuino de las empresas. Nos enfocamos en crear soluciones inform\u00e1ticas a medida, dise\u00f1adas para satisfacer las necesidades espec\u00edficas de nuestros clientes.<\/p>\t\t\t\t\t\t\t\t<\/div>\n\t\t\t\t<\/div>\n\t\t\t\t\t<\/div>\n\t\t<\/div>\n\t\t\t\t<div class=\"card elementor-column elementor-col-50 elementor-inner-column elementor-element elementor-element-3a0bf40\" data-id=\"3a0bf40\" data-element_type=\"column\" data-e-type=\"column\">\n\t\t\t<div class=\"elementor-widget-wrap elementor-element-populated\">\n\t\t\t\t\t\t<div class=\"elementor-element elementor-element-e3d5540 elementor-widget elementor-widget-heading\" data-id=\"e3d5540\" data-element_type=\"widget\" data-e-type=\"widget\" data-widget_type=\"heading.default\">\n\t\t\t\t<div class=\"elementor-widget-container\">\n\t\t\t\t\t<p class=\"elementor-heading-title elementor-size-default\">Desarrollo de Aplicaciones:\u00a0Nuestro equipo de programadores crea aplicaciones excepcionales para una amplia gama de dispositivos, incluyendo computadoras de escritorio, dispositivos m\u00f3viles y tabletas. Brindamos la mejor experiencia de aplicaci\u00f3n a trav\u00e9s de m\u00faltiples canales.<\/p>\t\t\t\t<\/div>\n\t\t\t\t<\/div>\n\t\t\t\t\t<\/div>\n\t\t<\/div>\n\t\t\t\t\t<\/div>\n\t\t<\/div>\n\t\t\t\t\t<\/div>\n\t\t<\/div>\n\t\t\t\t<div class=\"elementor-column elementor-col-50 elementor-top-column elementor-element elementor-element-fcc5620\" data-id=\"fcc5620\" data-element_type=\"column\" data-e-type=\"column\">\n\t\t\t<div class=\"elementor-widget-wrap elementor-element-populated\">\n\t\t\t\t\t\t<div class=\"elementor-element elementor-element-74bfcb9 elementor-widget elementor-widget-image\" data-id=\"74bfcb9\" data-element_type=\"widget\" data-e-type=\"widget\" data-widget_type=\"image.default\">\n\t\t\t\t<div class=\"elementor-widget-container\">\n\t\t\t\t\t\t\t\t\t\t\t\t\t\t\t<img decoding=\"async\" src=\"https:\/\/evangelica.abesoftware.site\/wp-content\/uploads\/2024\/12\/home.png\" alt=\"\" \/>\t\t\t\t\t\t\t\t\t\t\t\t\t\t\t<\/div>\n\t\t\t\t<\/div>\n\t\t\t\t\t<\/div>\n\t\t<\/div>\n\t\t\t\t\t<\/div>\n\t\t<\/section>\n\t\t\t\t<div class=\"elementor-element elementor-element-a3f6657 e-flex e-con-boxed e-con e-parent\" data-id=\"a3f6657\" data-element_type=\"container\" data-e-type=\"container\">\r\n\t\t\t\t\t<div class=\"e-con-inner\">\r\n\t\t\t\t\t<div class=\"elementor-element elementor-element-ae6e01c elementor-widget elementor-widget-heading\" data-id=\"ae6e01c\" data-element_type=\"widget\" data-e-type=\"widget\" data-widget_type=\"heading.default\">\n\t\t\t\t<div class=\"elementor-widget-container\">\n\t\t\t\t\t<h2 class=\"elementor-heading-title elementor-size-default\">Tecnolog\u00edas que usamos!<\/h2>\t\t\t\t<\/div>\n\t\t\t\t<\/div>\n\t\t\t\t<div class=\"elementor-element elementor-element-f31e290 elementor-widget elementor-widget-wolmart_widget_imagegallery\" data-id=\"f31e290\" data-element_type=\"widget\" data-e-type=\"widget\" data-widget_type=\"wolmart_widget_imagegallery.default\">\n\t\t\t\t<div class=\"elementor-widget-container\">\n\t\t\t\t\t\r\n<ul class=\"image-gallery  row cols-lg-8 cols-md-6 cols-sm-4 cols-3 gutter-md slider-image-gallery slider-image-org gutter-md slider-wrapper\" data-slider-options=\"{&quot;effect&quot;:&quot;slide&quot;,&quot;spaceBetween&quot;:20,&quot;slidesPerView&quot;:8,&quot;breakpoints&quot;:{&quot;1200&quot;:{&quot;slidesPerView&quot;:8},&quot;992&quot;:{&quot;slidesPerView&quot;:6},&quot;768&quot;:{&quot;slidesPerView&quot;:6},&quot;576&quot;:{&quot;slidesPerView&quot;:4},&quot;0&quot;:{&quot;slidesPerView&quot;:3}},&quot;statusClass&quot;:&quot;slider-nav-outer&quot;}\">\r\n\t<li class=\"\">\t\t<figure class=\"image-wrap\">\r\n\t\t\t\t\t<\/figure>\r\n\t\t<\/li><li class=\"\">\t\t<figure class=\"image-wrap\">\r\n\t\t\t\t\t<\/figure>\r\n\t\t<\/li><li class=\"\">\t\t<figure class=\"image-wrap\">\r\n\t\t\t\t\t<\/figure>\r\n\t\t<\/li><li class=\"\">\t\t<figure class=\"image-wrap\">\r\n\t\t\t\t\t<\/figure>\r\n\t\t<\/li><li class=\"\">\t\t<figure class=\"image-wrap\">\r\n\t\t\t\t\t<\/figure>\r\n\t\t<\/li><li class=\"\">\t\t<figure class=\"image-wrap\">\r\n\t\t\t\t\t<\/figure>\r\n\t\t<\/li><li class=\"\">\t\t<figure class=\"image-wrap\">\r\n\t\t\t\t\t<\/figure>\r\n\t\t<\/li><li class=\"\">\t\t<figure class=\"image-wrap\">\r\n\t\t\t\t\t<\/figure>\r\n\t\t<\/li><li class=\"\">\t\t<figure class=\"image-wrap\">\r\n\t\t\t\t\t<\/figure>\r\n\t\t<\/li><\/ul>\r\n\t\t\t\t<\/div>\n\t\t\t\t<\/div>\n\t\t\t\t\t<\/div>\n\t\t\t\t<\/div>\n\t\t\t\t<\/div>","protected":false},"excerpt":{"rendered":"<p>Innovaci\u00f3n que Inspira, Tecnolog\u00eda que Transforma Nuestro objetivo es proporcionar soluciones s\u00f3lidas y de alta calidad para proyectos tecnol\u00f3gicos. Quienes Somos? En abesoftware.site nos especializamos en desarrollo software. Nuestro compromiso radica en impulsar el crecimiento genuino de las empresas. Nos enfocamos en crear soluciones inform\u00e1ticas a medida, dise\u00f1adas para satisfacer las necesidades espec\u00edficas de nuestros [&hellip;]<\/p>\n","protected":false},"author":1,"featured_media":0,"parent":0,"menu_order":0,"comment_status":"closed","ping_status":"closed","template":"","meta":{"nf_dc_page":"","footnotes":""},"class_list":["post-3170","page","type-page","status-publish","hentry"],"_links":{"self":[{"href":"https:\/\/evangelica.abesoftware.site\/en\/wp-json\/wp\/v2\/pages\/3170","targetHints":{"allow":["GET"]}}],"collection":[{"href":"https:\/\/evangelica.abesoftware.site\/en\/wp-json\/wp\/v2\/pages"}],"about":[{"href":"https:\/\/evangelica.abesoftware.site\/en\/wp-json\/wp\/v2\/types\/page"}],"author":[{"embeddable":true,"href":"https:\/\/evangelica.abesoftware.site\/en\/wp-json\/wp\/v2\/users\/1"}],"replies":[{"embeddable":true,"href":"https:\/\/evangelica.abesoftware.site\/en\/wp-json\/wp\/v2\/comments?post=3170"}],"version-history":[{"count":5,"href":"https:\/\/evangelica.abesoftware.site\/en\/wp-json\/wp\/v2\/pages\/3170\/revisions"}],"predecessor-version":[{"id":4010,"href":"https:\/\/evangelica.abesoftware.site\/en\/wp-json\/wp\/v2\/pages\/3170\/revisions\/4010"}],"wp:attachment":[{"href":"https:\/\/evangelica.abesoftware.site\/en\/wp-json\/wp\/v2\/media?parent=3170"}],"curies":[{"name":"wp","href":"https:\/\/api.w.org\/{rel}","templated":true}]}}