{"id":3019,"date":"2021-03-04T16:37:26","date_gmt":"2021-03-04T16:37:26","guid":{"rendered":"https:\/\/d-themes.com\/wordpress\/wolmart\/elements\/?page_id=3019"},"modified":"2025-03-15T06:16:28","modified_gmt":"2025-03-15T13:16:28","slug":"faq","status":"publish","type":"page","link":"https:\/\/evangelica.abesoftware.site\/en\/faq\/","title":{"rendered":"FAQs"},"content":{"rendered":"<div data-elementor-type=\"wp-page\" data-elementor-id=\"3019\" class=\"elementor elementor-3019\" data-elementor-settings=\"{&quot;element_pack_global_tooltip_width&quot;:{&quot;unit&quot;:&quot;px&quot;,&quot;size&quot;:&quot;&quot;,&quot;sizes&quot;:[]},&quot;element_pack_global_tooltip_width_tablet&quot;:{&quot;unit&quot;:&quot;px&quot;,&quot;size&quot;:&quot;&quot;,&quot;sizes&quot;:[]},&quot;element_pack_global_tooltip_width_mobile&quot;:{&quot;unit&quot;:&quot;px&quot;,&quot;size&quot;:&quot;&quot;,&quot;sizes&quot;:[]},&quot;element_pack_global_tooltip_padding&quot;:{&quot;unit&quot;:&quot;px&quot;,&quot;top&quot;:&quot;&quot;,&quot;right&quot;:&quot;&quot;,&quot;bottom&quot;:&quot;&quot;,&quot;left&quot;:&quot;&quot;,&quot;isLinked&quot;:true},&quot;element_pack_global_tooltip_padding_tablet&quot;:{&quot;unit&quot;:&quot;px&quot;,&quot;top&quot;:&quot;&quot;,&quot;right&quot;:&quot;&quot;,&quot;bottom&quot;:&quot;&quot;,&quot;left&quot;:&quot;&quot;,&quot;isLinked&quot;:true},&quot;element_pack_global_tooltip_padding_mobile&quot;:{&quot;unit&quot;:&quot;px&quot;,&quot;top&quot;:&quot;&quot;,&quot;right&quot;:&quot;&quot;,&quot;bottom&quot;:&quot;&quot;,&quot;left&quot;:&quot;&quot;,&quot;isLinked&quot;:true},&quot;element_pack_global_tooltip_border_radius&quot;:{&quot;unit&quot;:&quot;px&quot;,&quot;top&quot;:&quot;&quot;,&quot;right&quot;:&quot;&quot;,&quot;bottom&quot;:&quot;&quot;,&quot;left&quot;:&quot;&quot;,&quot;isLinked&quot;:true},&quot;element_pack_global_tooltip_border_radius_tablet&quot;:{&quot;unit&quot;:&quot;px&quot;,&quot;top&quot;:&quot;&quot;,&quot;right&quot;:&quot;&quot;,&quot;bottom&quot;:&quot;&quot;,&quot;left&quot;:&quot;&quot;,&quot;isLinked&quot;:true},&quot;element_pack_global_tooltip_border_radius_mobile&quot;:{&quot;unit&quot;:&quot;px&quot;,&quot;top&quot;:&quot;&quot;,&quot;right&quot;:&quot;&quot;,&quot;bottom&quot;:&quot;&quot;,&quot;left&quot;:&quot;&quot;,&quot;isLinked&quot;:true}}\" data-elementor-post-type=\"page\">\n\t\t\t\t\t\t<section class=\"elementor-section elementor-top-section elementor-element elementor-element-307d09f mt-3 elementor-section-boxed elementor-section-height-default elementor-section-height-default\" data-id=\"307d09f\" data-element_type=\"section\" data-e-type=\"section\">\n\t\t\t\t\t\t<div class=\"elementor-container elementor-column-gap-default\">\n\t\t\t\t\t<div class=\"elementor-column elementor-col-100 elementor-top-column elementor-element elementor-element-6e76f24\" data-id=\"6e76f24\" data-element_type=\"column\" data-e-type=\"column\">\n\t\t\t<div class=\"elementor-widget-wrap elementor-element-populated\">\n\t\t\t\t\t\t<div class=\"elementor-element elementor-element-8619dba elementor-widget elementor-widget-image\" data-id=\"8619dba\" data-element_type=\"widget\" data-e-type=\"widget\" data-widget_type=\"image.default\">\n\t\t\t\t<div class=\"elementor-widget-container\">\n\t\t\t\t\t\t\t\t\t\t\t\t\t\t\t<img decoding=\"async\" src=\"https:\/\/evangelica.abesoftware.site\/wp-content\/uploads\/2024\/12\/logo_bk.png\" alt=\"\" \/>\t\t\t\t\t\t\t\t\t\t\t\t\t\t\t<\/div>\n\t\t\t\t<\/div>\n\t\t\t\t<div class=\"elementor-element elementor-element-f74b7b5 elementor-widget elementor-widget-heading\" data-id=\"f74b7b5\" data-element_type=\"widget\" data-e-type=\"widget\" data-widget_type=\"heading.default\">\n\t\t\t\t<div class=\"elementor-widget-container\">\n\t\t\t\t\t<h2 class=\"elementor-heading-title elementor-size-default\">Preguntas Frecuentes<\/h2>\t\t\t\t<\/div>\n\t\t\t\t<\/div>\n\t\t\t\t<div class=\"elementor-element elementor-element-d1aa2a9 elementor-widget elementor-widget-heading\" data-id=\"d1aa2a9\" data-element_type=\"widget\" data-e-type=\"widget\" data-widget_type=\"heading.default\">\n\t\t\t\t<div class=\"elementor-widget-container\">\n\t\t\t\t\t<p class=\"elementor-heading-title elementor-size-default\">Aqu\u00ed encontraras las preguntas m\u00e1s frecuentes acerca de nuestros productos.<\/p>\t\t\t\t<\/div>\n\t\t\t\t<\/div>\n\t\t\t\t<div class=\"elementor-element elementor-element-fe04b6b mt-10 mb-1 elementor-widget elementor-widget-heading\" data-id=\"fe04b6b\" data-element_type=\"widget\" data-e-type=\"widget\" data-widget_type=\"heading.default\">\n\t\t\t\t<div class=\"elementor-widget-container\">\n\t\t\t\t\t<h2 class=\"elementor-heading-title elementor-size-default\">Informaci\u00f3n de Env\u00edo<\/h2>\t\t\t\t<\/div>\n\t\t\t\t<\/div>\n\t\t\t\t\t<\/div>\n\t\t<\/div>\n\t\t\t\t\t<\/div>\n\t\t<\/section>\n\t\t\t\t<div class=\"elementor-section elementor-top-section elementor-element elementor-element-4e0aa6d elementor-section-boxed elementor-section-height-default elementor-section-height-default\" data-id=\"4e0aa6d\" data-element_type=\"section\" data-e-type=\"section\">\n\t\t\t\t\t\t<div class=\"elementor-container elementor-column-gap-default\">\n\t\t\t\t\t<div class=\"elementor-column elementor-col-50 elementor-top-column elementor-element elementor-element-efd8fce\" data-id=\"efd8fce\" data-element_type=\"column\" data-e-type=\"column\">\n\t\t\t<div class=\"elementor-widget-wrap elementor-element-populated\">\n\t\t\t\t\t\t<div class=\"elementor-section elementor-inner-section elementor-element elementor-element-f4e9de3 elementor-section-boxed elementor-section-height-default elementor-section-height-default\" data-id=\"f4e9de3\" data-element_type=\"section\" data-e-type=\"section\">\n\t\t\t\t\t\t<div class=\"elementor-container elementor-column-gap-default\">\n\t\t\t\t\t<div class=\"card elementor-column elementor-col-50 elementor-inner-column elementor-element elementor-element-ba60c13\" data-id=\"ba60c13\" data-element_type=\"column\" data-e-type=\"column\">\n\t\t\t<div class=\"elementor-widget-wrap elementor-element-populated\">\n\t\t\t\t\t\t<div class=\"elementor-element elementor-element-fc38416 elementor-widget elementor-widget-heading\" data-id=\"fc38416\" data-element_type=\"widget\" data-e-type=\"widget\" data-widget_type=\"heading.default\">\n\t\t\t\t<div class=\"elementor-widget-container\">\n\t\t\t\t\t<p class=\"elementor-heading-title elementor-size-default\">Primero, revisa tu carpeta de spam o correo no deseado. Si despu\u00e9s de unos minutos a\u00fan no has recibido el correo, verifica que la direcci\u00f3n de correo electr\u00f3nico ingresada en la compra sea correcta. Si el problema persiste, cont\u00e1ctanos y te ayudaremos a resolverlo lo antes posible.<\/p>\t\t\t\t<\/div>\n\t\t\t\t<\/div>\n\t\t\t\t\t<\/div>\n\t\t<\/div>\n\t\t\t\t<div class=\"card elementor-column elementor-col-50 elementor-inner-column elementor-element elementor-element-651e9a4\" data-id=\"651e9a4\" data-element_type=\"column\" data-e-type=\"column\">\n\t\t\t<div class=\"elementor-widget-wrap elementor-element-populated\">\n\t\t\t\t\t\t<div class=\"elementor-element elementor-element-d5ee6e9 elementor-widget elementor-widget-heading\" data-id=\"d5ee6e9\" data-element_type=\"widget\" data-e-type=\"widget\" data-widget_type=\"heading.default\">\n\t\t\t\t<div class=\"elementor-widget-container\">\n\t\t\t\t\t<p class=\"elementor-heading-title elementor-size-default\">Si necesitas cambiar la direcci\u00f3n de entrega, cont\u00e1ctanos lo antes posible, preferiblemente dentro de las primeras 24 horas despu\u00e9s de hacer tu compra. Una vez que el pedido ha sido procesado y enviado, no podremos hacer cambios en la direcci\u00f3n.<\/p>\t\t\t\t<\/div>\n\t\t\t\t<\/div>\n\t\t\t\t\t<\/div>\n\t\t<\/div>\n\t\t\t\t\t<\/div>\n\t\t<\/div>\n\t\t\t\t\t<\/div>\n\t\t<\/div>\n\t\t\t\t<div class=\"elementor-column elementor-col-50 elementor-top-column elementor-element elementor-element-a2f5e62\" data-id=\"a2f5e62\" data-element_type=\"column\" data-e-type=\"column\">\n\t\t\t<div class=\"elementor-widget-wrap elementor-element-populated\">\n\t\t\t\t\t\t<div class=\"elementor-section elementor-inner-section elementor-element elementor-element-c663976 elementor-section-boxed elementor-section-height-default elementor-section-height-default\" data-id=\"c663976\" data-element_type=\"section\" data-e-type=\"section\">\n\t\t\t\t\t\t<div class=\"elementor-container elementor-column-gap-default\">\n\t\t\t\t\t<div class=\"card elementor-column elementor-col-50 elementor-inner-column elementor-element elementor-element-e8522d1\" data-id=\"e8522d1\" data-element_type=\"column\" data-e-type=\"column\">\n\t\t\t<div class=\"elementor-widget-wrap elementor-element-populated\">\n\t\t\t\t\t\t<div class=\"elementor-element elementor-element-4b8a2ac elementor-widget elementor-widget-heading\" data-id=\"4b8a2ac\" data-element_type=\"widget\" data-e-type=\"widget\" data-widget_type=\"heading.default\">\n\t\t\t\t<div class=\"elementor-widget-container\">\n\t\t\t\t\t<p class=\"elementor-heading-title elementor-size-default\">S\u00ed, ofrecemos actualizaciones para ciertos productos digitales. Si tu compra incluye actualizaciones, recibir\u00e1s una notificaci\u00f3n cuando haya una nueva versi\u00f3n disponible. Dependiendo del producto, la actualizaci\u00f3n puede ser gratuita o con un costo adicional.<\/p>\t\t\t\t<\/div>\n\t\t\t\t<\/div>\n\t\t\t\t\t<\/div>\n\t\t<\/div>\n\t\t\t\t<div class=\"card elementor-column elementor-col-50 elementor-inner-column elementor-element elementor-element-6abb8d9\" data-id=\"6abb8d9\" data-element_type=\"column\" data-e-type=\"column\">\n\t\t\t<div class=\"elementor-widget-wrap elementor-element-populated\">\n\t\t\t\t\t\t<div class=\"elementor-element elementor-element-7c4e6cb elementor-widget elementor-widget-heading\" data-id=\"7c4e6cb\" data-element_type=\"widget\" data-e-type=\"widget\" data-widget_type=\"heading.default\">\n\t\t\t\t<div class=\"elementor-widget-container\">\n\t\t\t\t\t<p class=\"elementor-heading-title elementor-size-default\">S\u00ed, en la mayor\u00eda de los casos podr\u00e1s descargar tu producto varias veces desde tu cuenta. Sin embargo, te recomendamos guardar una copia en un lugar seguro para evitar inconvenientes. Si tienes problemas con la descarga, cont\u00e1ctanos para recibir asistencia.<\/p>\t\t\t\t<\/div>\n\t\t\t\t<\/div>\n\t\t\t\t\t<\/div>\n\t\t<\/div>\n\t\t\t\t\t<\/div>\n\t\t<\/div>\n\t\t\t\t\t<\/div>\n\t\t<\/div>\n\t\t\t\t\t<\/div>\n\t\t<\/div>\n\t\t\t\t<section class=\"elementor-section elementor-top-section elementor-element elementor-element-727a50a elementor-section-boxed elementor-section-height-default elementor-section-height-default\" data-id=\"727a50a\" data-element_type=\"section\" data-e-type=\"section\">\n\t\t\t\t\t\t<div class=\"elementor-container elementor-column-gap-default\">\n\t\t\t\t\t<div class=\"elementor-column elementor-col-100 elementor-top-column elementor-element elementor-element-8c1dbee\" data-id=\"8c1dbee\" data-element_type=\"column\" data-e-type=\"column\">\n\t\t\t<div class=\"elementor-widget-wrap elementor-element-populated\">\n\t\t\t\t\t\t<div class=\"elementor-element elementor-element-8d233a9 mt-10 mb-1 elementor-widget elementor-widget-heading\" data-id=\"8d233a9\" data-element_type=\"widget\" data-e-type=\"widget\" data-widget_type=\"heading.default\">\n\t\t\t\t<div class=\"elementor-widget-container\">\n\t\t\t\t\t<h2 class=\"elementor-heading-title elementor-size-default\">M\u00e9todos de Pago<\/h2>\t\t\t\t<\/div>\n\t\t\t\t<\/div>\n\t\t\t\t\t<\/div>\n\t\t<\/div>\n\t\t\t\t\t<\/div>\n\t\t<\/section>\n\t\t\t\t<div class=\"elementor-section elementor-top-section elementor-element elementor-element-0dd45fa elementor-section-boxed elementor-section-height-default elementor-section-height-default\" data-id=\"0dd45fa\" data-element_type=\"section\" data-e-type=\"section\">\n\t\t\t\t\t\t<div class=\"elementor-container elementor-column-gap-default\">\n\t\t\t\t\t<div class=\"elementor-column elementor-col-50 elementor-top-column elementor-element elementor-element-d1021d1\" data-id=\"d1021d1\" data-element_type=\"column\" data-e-type=\"column\">\n\t\t\t<div class=\"elementor-widget-wrap elementor-element-populated\">\n\t\t\t\t\t\t<div class=\"elementor-section elementor-inner-section elementor-element elementor-element-6c64716 elementor-section-boxed elementor-section-height-default elementor-section-height-default\" data-id=\"6c64716\" data-element_type=\"section\" data-e-type=\"section\">\n\t\t\t\t\t\t<div class=\"elementor-container elementor-column-gap-default\">\n\t\t\t\t\t<div class=\"card elementor-column elementor-col-100 elementor-inner-column elementor-element elementor-element-a4829a3\" data-id=\"a4829a3\" data-element_type=\"column\" data-e-type=\"column\">\n\t\t\t<div class=\"elementor-widget-wrap elementor-element-populated\">\n\t\t\t\t\t\t<div class=\"elementor-element elementor-element-47e8eb1 elementor-widget elementor-widget-heading\" data-id=\"47e8eb1\" data-element_type=\"widget\" data-e-type=\"widget\" data-widget_type=\"heading.default\">\n\t\t\t\t<div class=\"elementor-widget-container\">\n\t\t\t\t\t<p class=\"elementor-heading-title elementor-size-default\">Aceptamos diversas formas de pago para tu comodidad, incluyendo tarjetas de cr\u00e9dito y d\u00e9bito (Visa, MasterCard), PayPal y transferencias bancarias. Si tienes alguna duda sobre los m\u00e9todos de pagos puedes contactarnos antes de realizar tu compra<\/p>\t\t\t\t<\/div>\n\t\t\t\t<\/div>\n\t\t\t\t\t<\/div>\n\t\t<\/div>\n\t\t\t\t\t<\/div>\n\t\t<\/div>\n\t\t\t\t\t<\/div>\n\t\t<\/div>\n\t\t\t\t<div class=\"elementor-column elementor-col-50 elementor-top-column elementor-element elementor-element-ce4fcd1\" data-id=\"ce4fcd1\" data-element_type=\"column\" data-e-type=\"column\">\n\t\t\t<div class=\"elementor-widget-wrap elementor-element-populated\">\n\t\t\t\t\t\t<div class=\"elementor-section elementor-inner-section elementor-element elementor-element-71d17c2 elementor-section-boxed elementor-section-height-default elementor-section-height-default\" data-id=\"71d17c2\" data-element_type=\"section\" data-e-type=\"section\">\n\t\t\t\t\t\t<div class=\"elementor-container elementor-column-gap-default\">\n\t\t\t\t\t<div class=\"card elementor-column elementor-col-100 elementor-inner-column elementor-element elementor-element-db71b8c\" data-id=\"db71b8c\" data-element_type=\"column\" data-e-type=\"column\">\n\t\t\t<div class=\"elementor-widget-wrap elementor-element-populated\">\n\t\t\t\t\t\t<div class=\"elementor-element elementor-element-27ac391 elementor-widget elementor-widget-heading\" data-id=\"27ac391\" data-element_type=\"widget\" data-e-type=\"widget\" data-widget_type=\"heading.default\">\n\t\t\t\t<div class=\"elementor-widget-container\">\n\t\t\t\t\t<p class=\"elementor-heading-title elementor-size-default\">S\u00ed, en nuestro sitio web utilizamos protocolos de seguridad avanzados para proteger tu informaci\u00f3n. Todas las transacciones est\u00e1n cifradas con tecnolog\u00eda SSL (Secure Socket Layer), lo que garantiza que tus datos personales y financieros est\u00e9n protegidos. Adem\u00e1s, trabajamos con proveedores de pago reconocidos para asegurar que cada transacci\u00f3n sea segura y confiable.<\/p>\t\t\t\t<\/div>\n\t\t\t\t<\/div>\n\t\t\t\t\t<\/div>\n\t\t<\/div>\n\t\t\t\t\t<\/div>\n\t\t<\/div>\n\t\t\t\t\t<\/div>\n\t\t<\/div>\n\t\t\t\t\t<\/div>\n\t\t<\/div>\n\t\t\t\t<section class=\"elementor-section elementor-top-section elementor-element elementor-element-8815429 elementor-section-boxed elementor-section-height-default elementor-section-height-default\" data-id=\"8815429\" data-element_type=\"section\" data-e-type=\"section\">\n\t\t\t\t\t\t<div class=\"elementor-container elementor-column-gap-default\">\n\t\t\t\t\t<div class=\"elementor-column elementor-col-100 elementor-top-column elementor-element elementor-element-20bff2a\" data-id=\"20bff2a\" data-element_type=\"column\" data-e-type=\"column\">\n\t\t\t<div class=\"elementor-widget-wrap elementor-element-populated\">\n\t\t\t\t\t\t<div class=\"elementor-element elementor-element-f82a5aa mt-10 mb-1 elementor-widget elementor-widget-heading\" data-id=\"f82a5aa\" data-element_type=\"widget\" data-e-type=\"widget\" data-widget_type=\"heading.default\">\n\t\t\t\t<div class=\"elementor-widget-container\">\n\t\t\t\t\t<h2 class=\"elementor-heading-title elementor-size-default\">Pedidos y Devoluciones<\/h2>\t\t\t\t<\/div>\n\t\t\t\t<\/div>\n\t\t\t\t\t<\/div>\n\t\t<\/div>\n\t\t\t\t\t<\/div>\n\t\t<\/section>\n\t\t\t\t<div class=\"elementor-section elementor-top-section elementor-element elementor-element-ade2443 elementor-section-boxed elementor-section-height-default elementor-section-height-default\" data-id=\"ade2443\" data-element_type=\"section\" data-e-type=\"section\">\n\t\t\t\t\t\t<div class=\"elementor-container elementor-column-gap-default\">\n\t\t\t\t\t<div class=\"elementor-column elementor-col-50 elementor-top-column elementor-element elementor-element-1e79bf5\" data-id=\"1e79bf5\" data-element_type=\"column\" data-e-type=\"column\">\n\t\t\t<div class=\"elementor-widget-wrap elementor-element-populated\">\n\t\t\t\t\t\t<div class=\"elementor-section elementor-inner-section elementor-element elementor-element-7696158 elementor-section-boxed elementor-section-height-default elementor-section-height-default\" data-id=\"7696158\" data-element_type=\"section\" data-e-type=\"section\">\n\t\t\t\t\t\t<div class=\"elementor-container elementor-column-gap-default\">\n\t\t\t\t\t<div class=\"card elementor-column elementor-col-33 elementor-inner-column elementor-element elementor-element-85760dd\" data-id=\"85760dd\" data-element_type=\"column\" data-e-type=\"column\">\n\t\t\t<div class=\"elementor-widget-wrap elementor-element-populated\">\n\t\t\t\t\t\t<div class=\"elementor-element elementor-element-c44ca46 elementor-widget elementor-widget-heading\" data-id=\"c44ca46\" data-element_type=\"widget\" data-e-type=\"widget\" data-widget_type=\"heading.default\">\n\t\t\t\t<div class=\"elementor-widget-container\">\n\t\t\t\t\t<p class=\"elementor-heading-title elementor-size-default\">Si necesitas realizar cambios en tu pedido, como modificar los productos seleccionados o actualizar la direcci\u00f3n de env\u00edo, debes contactarnos dentro de las primeras 24 horas despu\u00e9s de haber realizado la compra. Una vez que el pedido haya sido procesado y enviado, no podremos hacer modificaciones. Te recomendamos verificar todos los detalles antes de confirmar tu compra para evitar inconvenientes.<\/p>\t\t\t\t<\/div>\n\t\t\t\t<\/div>\n\t\t\t\t\t<\/div>\n\t\t<\/div>\n\t\t\t\t<div class=\"card elementor-column elementor-col-33 elementor-inner-column elementor-element elementor-element-70564b6\" data-id=\"70564b6\" data-element_type=\"column\" data-e-type=\"column\">\n\t\t\t<div class=\"elementor-widget-wrap elementor-element-populated\">\n\t\t\t\t\t\t<div class=\"elementor-element elementor-element-092b602 elementor-widget elementor-widget-text-editor\" data-id=\"092b602\" data-element_type=\"widget\" data-e-type=\"widget\" data-widget_type=\"text-editor.default\">\n\t\t\t\t<div class=\"elementor-widget-container\">\n\t\t\t\t\t\t\t\t\t<p data-start=\"49\" data-end=\"371\">Dado que nuestros productos son digitales y se entregan de manera instant\u00e1nea, no ofrecemos devoluciones una vez que la compra ha sido completada y el producto ha sido descargado o accedido. Sin embargo, entendemos que pueden surgir situaciones excepcionales, por lo que evaluamos solicitudes de reembolso caso por caso.<\/p><p data-start=\"373\" data-end=\"444\">Si tienes alg\u00fan problema con tu compra, te recomendamos lo siguiente:<\/p><ol data-start=\"446\" data-end=\"1239\"><li data-start=\"446\" data-end=\"636\"><p data-start=\"449\" data-end=\"636\"><strong data-start=\"449\" data-end=\"491\">Revisar la compatibilidad del producto<\/strong>: Antes de realizar la compra, aseg\u00farate de que el software o archivo digital es compatible con tu sistema operativo o herramientas de trabajo.<\/p><\/li><li data-start=\"638\" data-end=\"882\"><p data-start=\"641\" data-end=\"882\"><strong data-start=\"641\" data-end=\"686\">Consultar nuestra documentaci\u00f3n y soporte<\/strong>: Si experimentas dificultades t\u00e9cnicas, revisa nuestras gu\u00edas y preguntas frecuentes. Tambi\u00e9n puedes contactarnos para recibir asistencia y asegurarte de que el producto funcione correctamente.<\/p><\/li><li data-start=\"884\" data-end=\"1239\"><p data-start=\"887\" data-end=\"944\"><strong data-start=\"887\" data-end=\"941\">Casos en los que podr\u00edamos considerar un reembolso<\/strong>:<\/p><ul data-start=\"948\" data-end=\"1239\"><li data-start=\"948\" data-end=\"1087\">Si el producto presenta errores graves que impiden su uso y no pueden ser solucionados mediante una actualizaci\u00f3n o asistencia t\u00e9cnica.<\/li><li data-start=\"1091\" data-end=\"1179\">Si, por un error de nuestra parte, recibiste un producto diferente al que compraste.<\/li><li data-start=\"1183\" data-end=\"1239\">Si el pago se proces\u00f3 por duplicado accidentalmente.<\/li><\/ul><\/li><\/ol><p data-start=\"1241\" data-end=\"1557\">Para solicitar un reembolso, cont\u00e1ctanos dentro de los <strong data-start=\"1296\" data-end=\"1330\">7 d\u00edas posteriores a la compra<\/strong> con los detalles de tu pedido y una explicaci\u00f3n del problema. Analizaremos tu caso y, si corresponde, procesaremos el reembolso en un plazo de <strong data-start=\"1474\" data-end=\"1497\">5 a 10 d\u00edas h\u00e1biles<\/strong> a trav\u00e9s del mismo m\u00e9todo de pago utilizado en la compra.<\/p><p data-start=\"1559\" data-end=\"1724\" data-is-last-node=\"\" data-is-only-node=\"\">Si tienes dudas antes de realizar una compra, estamos disponibles para responder cualquier pregunta y ayudarte a elegir el producto adecuado para tus necesidades.<\/p>\t\t\t\t\t\t\t\t<\/div>\n\t\t\t\t<\/div>\n\t\t\t\t\t<\/div>\n\t\t<\/div>\n\t\t\t\t<div class=\"card elementor-column elementor-col-33 elementor-inner-column elementor-element elementor-element-df1bdb1\" data-id=\"df1bdb1\" data-element_type=\"column\" data-e-type=\"column\">\n\t\t\t<div class=\"elementor-widget-wrap elementor-element-populated\">\n\t\t\t\t\t\t<div class=\"elementor-element elementor-element-25fde3f elementor-widget elementor-widget-heading\" data-id=\"25fde3f\" data-element_type=\"widget\" data-e-type=\"widget\" data-widget_type=\"heading.default\">\n\t\t\t\t<div class=\"elementor-widget-container\">\n\t\t\t\t\t<p class=\"elementor-heading-title elementor-size-default\">Si experimentas problemas t\u00e9cnicos, revisa primero nuestra documentaci\u00f3n o secci\u00f3n de ayuda. Si el problema persiste, cont\u00e1ctanos con una descripci\u00f3n detallada del problema y, si es posible, capturas de pantalla. Nuestro equipo de soporte te ayudar\u00e1 a resolverlo o, si es necesario, te ofreceremos una soluci\u00f3n alternativa.<\/p>\t\t\t\t<\/div>\n\t\t\t\t<\/div>\n\t\t\t\t\t<\/div>\n\t\t<\/div>\n\t\t\t\t\t<\/div>\n\t\t<\/div>\n\t\t\t\t\t<\/div>\n\t\t<\/div>\n\t\t\t\t<div class=\"elementor-column elementor-col-50 elementor-top-column elementor-element elementor-element-cc4fcd1\" data-id=\"cc4fcd1\" data-element_type=\"column\" data-e-type=\"column\">\n\t\t\t<div class=\"elementor-widget-wrap elementor-element-populated\">\n\t\t\t\t\t\t<div class=\"elementor-section elementor-inner-section elementor-element elementor-element-6e0904c elementor-section-boxed elementor-section-height-default elementor-section-height-default\" data-id=\"6e0904c\" data-element_type=\"section\" data-e-type=\"section\">\n\t\t\t\t\t\t<div class=\"elementor-container elementor-column-gap-default\">\n\t\t\t\t\t<div class=\"card elementor-column elementor-col-50 elementor-inner-column elementor-element elementor-element-9b78ee7\" data-id=\"9b78ee7\" data-element_type=\"column\" data-e-type=\"column\">\n\t\t\t<div class=\"elementor-widget-wrap elementor-element-populated\">\n\t\t\t\t\t\t<div class=\"elementor-element elementor-element-860cdae elementor-widget elementor-widget-heading\" data-id=\"860cdae\" data-element_type=\"widget\" data-e-type=\"widget\" data-widget_type=\"heading.default\">\n\t\t\t\t<div class=\"elementor-widget-container\">\n\t\t\t\t\t<p class=\"elementor-heading-title elementor-size-default\">Puedes verificar el estado de tu orden iniciando sesi\u00f3n en tu cuenta en nuestro sitio web y dirigi\u00e9ndote a la secci\u00f3n de \" Pedidos\". All\u00ed encontrar\u00e1s informaci\u00f3n detallada sobre el estado de tu compra, desde la confirmaci\u00f3n del pedido hasta el env\u00edo. Tambi\u00e9n recibir\u00e1s notificaciones por correo electr\u00f3nico en cada etapa del proceso para que est\u00e9s informado en todo momento.\n\n<\/p>\t\t\t\t<\/div>\n\t\t\t\t<\/div>\n\t\t\t\t\t<\/div>\n\t\t<\/div>\n\t\t\t\t<div class=\"card elementor-column elementor-col-50 elementor-inner-column elementor-element elementor-element-0026954\" data-id=\"0026954\" data-element_type=\"column\" data-e-type=\"column\">\n\t\t\t<div class=\"elementor-widget-wrap elementor-element-populated\">\n\t\t\t\t\t\t<div class=\"elementor-element elementor-element-1c0bcb3 elementor-widget elementor-widget-heading\" data-id=\"1c0bcb3\" data-element_type=\"widget\" data-e-type=\"widget\" data-widget_type=\"heading.default\">\n\t\t\t\t<div class=\"elementor-widget-container\">\n\t\t\t\t\t<p class=\"elementor-heading-title elementor-size-default\">Si deseas solicitar un reembolso, debes comunicarte con nuestro equipo de soporte y proporcionar los detalles de tu orden, junto con el motivo de la devoluci\u00f3n. Una vez que hayamos recibido el producto devuelto y confirmado que cumple con nuestra pol\u00edtica de devoluciones, procesaremos el reembolso dentro de los 5 a 10 d\u00edas h\u00e1biles. El reembolso se realizar\u00e1 a trav\u00e9s del mismo m\u00e9todo de pago que utilizaste al hacer la compra.<\/p>\t\t\t\t<\/div>\n\t\t\t\t<\/div>\n\t\t\t\t\t<\/div>\n\t\t<\/div>\n\t\t\t\t\t<\/div>\n\t\t<\/div>\n\t\t\t\t\t<\/div>\n\t\t<\/div>\n\t\t\t\t\t<\/div>\n\t\t<\/div>\n\t\t\t\t<\/div>","protected":false},"excerpt":{"rendered":"<p>Preguntas Frecuentes Aqu\u00ed encontraras las preguntas m\u00e1s frecuentes acerca de nuestros productos. Informaci\u00f3n de Env\u00edo Primero, revisa tu carpeta de spam o correo no deseado. Si despu\u00e9s de unos minutos a\u00fan no has recibido el correo, verifica que la direcci\u00f3n de correo electr\u00f3nico ingresada en la compra sea correcta. Si el problema persiste, cont\u00e1ctanos y [&hellip;]<\/p>\n","protected":false},"author":1,"featured_media":0,"parent":0,"menu_order":0,"comment_status":"closed","ping_status":"closed","template":"","meta":{"nf_dc_page":"","footnotes":""},"class_list":["post-3019","page","type-page","status-publish","hentry"],"_links":{"self":[{"href":"https:\/\/evangelica.abesoftware.site\/en\/wp-json\/wp\/v2\/pages\/3019","targetHints":{"allow":["GET"]}}],"collection":[{"href":"https:\/\/evangelica.abesoftware.site\/en\/wp-json\/wp\/v2\/pages"}],"about":[{"href":"https:\/\/evangelica.abesoftware.site\/en\/wp-json\/wp\/v2\/types\/page"}],"author":[{"embeddable":true,"href":"https:\/\/evangelica.abesoftware.site\/en\/wp-json\/wp\/v2\/users\/1"}],"replies":[{"embeddable":true,"href":"https:\/\/evangelica.abesoftware.site\/en\/wp-json\/wp\/v2\/comments?post=3019"}],"version-history":[{"count":5,"href":"https:\/\/evangelica.abesoftware.site\/en\/wp-json\/wp\/v2\/pages\/3019\/revisions"}],"predecessor-version":[{"id":4618,"href":"https:\/\/evangelica.abesoftware.site\/en\/wp-json\/wp\/v2\/pages\/3019\/revisions\/4618"}],"wp:attachment":[{"href":"https:\/\/evangelica.abesoftware.site\/en\/wp-json\/wp\/v2\/media?parent=3019"}],"curies":[{"name":"wp","href":"https:\/\/api.w.org\/{rel}","templated":true}]}}